{"id":415,"date":"2020-09-11T22:43:44","date_gmt":"2020-09-11T20:43:44","guid":{"rendered":"https:\/\/project.benjaminhanke.de\/strohsterne-dietz\/produkt\/import-placeholder-for-656\/"},"modified":"2022-03-07T23:41:08","modified_gmt":"2022-03-07T22:41:08","slug":"bambusstern-hirsestroh-18cm-3-fach-und-doppelt-rustikal","status":"publish","type":"product","link":"https:\/\/strohsterne-dietz.de\/en\/product\/bambusstern-hirsestroh-18cm-3-fach-und-doppelt-rustikal\/","title":{"rendered":"Bambusstern (Hirsestroh), 18cm, 3-fach und doppelt, rustikal"},"content":{"rendered":"<p>Strohstern (Hirsestroh) aus Burkina Faso, 18cm, rustikal d.h. breite Strohstreifen. <strong>Doppelstern<\/strong>: 2 x 3-fach gelegte Sterne R\u00fcckseite an R\u00fcckseite zusammengebunden. Vorder &#8211; und R\u00fcckseite k\u00f6nnen sich unterscheiden. Stern kann frei drehbar aufgeh\u00e4ngt werden. Unikat: Abbildung \u00e4hnlich. Als Baumspitze geeignet. Stroh kann nat\u00fcrliche Verf\u00e4rbungen aufweisen &#8211; rustikale Wirkung.<\/p>\n","protected":false},"excerpt":{"rendered":"<p>Strohstern (Hirsestroh) aus Burkina Faso, 18cm, rustikal d.h. breite Strohstreifen. Doppelstern: 2 x 3-fach gelegte Sterne R\u00fcckseite an R\u00fcckseite zusammengebunden. Vorder &#8211; und R\u00fcckseite k\u00f6nnen sich unterscheiden. Stern kann frei drehbar aufgeh\u00e4ngt werden. Unikat: Abbildung \u00e4hnlich. Als Baumspitze geeignet. Stroh kann nat\u00fcrliche Verf\u00e4rbungen aufweisen &#8211; rustikale Wirkung.<\/p>\n","protected":false},"featured_media":253,"comment_status":"open","ping_status":"closed","template":"","meta":[],"_links":{"self":[{"href":"https:\/\/strohsterne-dietz.de\/en\/wp-json\/wp\/v2\/product\/415"}],"collection":[{"href":"https:\/\/strohsterne-dietz.de\/en\/wp-json\/wp\/v2\/product"}],"about":[{"href":"https:\/\/strohsterne-dietz.de\/en\/wp-json\/wp\/v2\/types\/product"}],"replies":[{"embeddable":true,"href":"https:\/\/strohsterne-dietz.de\/en\/wp-json\/wp\/v2\/comments?post=415"}],"wp:featuredmedia":[{"embeddable":true,"href":"https:\/\/strohsterne-dietz.de\/en\/wp-json\/wp\/v2\/media\/253"}],"wp:attachment":[{"href":"https:\/\/strohsterne-dietz.de\/en\/wp-json\/wp\/v2\/media?parent=415"}],"curies":[{"name":"wp","href":"https:\/\/api.w.org\/{rel}","templated":true}]}}