{"id":414,"date":"2020-09-11T22:43:44","date_gmt":"2020-09-11T20:43:44","guid":{"rendered":"https:\/\/project.benjaminhanke.de\/strohsterne-dietz\/produkt\/import-placeholder-for-655\/"},"modified":"2020-12-13T16:00:03","modified_gmt":"2020-12-13T15:00:03","slug":"bambusstern-hirsestroh-27cm-2-fach-und-doppelt","status":"publish","type":"product","link":"https:\/\/strohsterne-dietz.de\/en\/product\/bambusstern-hirsestroh-27cm-2-fach-und-doppelt\/","title":{"rendered":"Bambusstern (Hirsestroh) 27cm, 2-fach und doppelt"},"content":{"rendered":"<p>Strohstern (Hirsestroh) aus Burkina Faso, 27 cm, filigran. <strong>Gro\u00dfer Doppelstern<\/strong>: 2 x 2-fach gelegte Sterne R\u00fcckseite an R\u00fcckseite zusammengebunden. Vorder &#8211; und R\u00fcckseite k\u00f6nnen sich unterscheiden. Stern kann frei drehbar aufgeh\u00e4ngt werden. Auch als Fensterstern oder Baumspitze. Unikat: Abbildung \u00e4hnlich. Naturstroh mit leichten Verf\u00e4rbungen &#8211; rustikale Wirkung.<\/p>\n","protected":false},"excerpt":{"rendered":"<p>Strohstern (Hirsestroh) aus Burkina Faso, 27 cm, filigran. Gro\u00dfer Doppelstern: 2 x 2-fach gelegte Sterne R\u00fcckseite an R\u00fcckseite zusammengebunden. Vorder &#8211; und R\u00fcckseite k\u00f6nnen sich unterscheiden. Stern kann frei drehbar aufgeh\u00e4ngt werden. Auch als Fensterstern oder Baumspitze. Unikat: Abbildung \u00e4hnlich. Naturstroh mit leichten Verf\u00e4rbungen &#8211; rustikale Wirkung.<\/p>\n","protected":false},"featured_media":252,"comment_status":"open","ping_status":"closed","template":"","meta":[],"_links":{"self":[{"href":"https:\/\/strohsterne-dietz.de\/en\/wp-json\/wp\/v2\/product\/414"}],"collection":[{"href":"https:\/\/strohsterne-dietz.de\/en\/wp-json\/wp\/v2\/product"}],"about":[{"href":"https:\/\/strohsterne-dietz.de\/en\/wp-json\/wp\/v2\/types\/product"}],"replies":[{"embeddable":true,"href":"https:\/\/strohsterne-dietz.de\/en\/wp-json\/wp\/v2\/comments?post=414"}],"wp:featuredmedia":[{"embeddable":true,"href":"https:\/\/strohsterne-dietz.de\/en\/wp-json\/wp\/v2\/media\/252"}],"wp:attachment":[{"href":"https:\/\/strohsterne-dietz.de\/en\/wp-json\/wp\/v2\/media?parent=414"}],"curies":[{"name":"wp","href":"https:\/\/api.w.org\/{rel}","templated":true}]}}