{"id":412,"date":"2020-09-11T22:43:44","date_gmt":"2020-09-11T20:43:44","guid":{"rendered":"https:\/\/project.benjaminhanke.de\/strohsterne-dietz\/produkt\/import-placeholder-for-653\/"},"modified":"2023-08-24T18:53:37","modified_gmt":"2023-08-24T16:53:37","slug":"bambusstern-hirsestroh-18-cm-4-fach-und-doppelt-filigran","status":"publish","type":"product","link":"https:\/\/strohsterne-dietz.de\/en\/product\/bambusstern-hirsestroh-18-cm-4-fach-und-doppelt-filigran\/","title":{"rendered":"Bambusstern (Hirsestroh), 18 cm, 4-fach und doppelt, filigran"},"content":{"rendered":"<p>Strohstern (Hirsestroh) aus Burkina Faso, 18cm, filigrand.h. breite Strohstreifen. <strong>Doppelstern<\/strong>: 2 aufwendig 4-fach gelegte Sterne R\u00fcckseite an R\u00fcckseite zusammengebunden. Vorder &#8211; und R\u00fcckseite k\u00f6nnen sich unterscheiden. Stern kann frei drehbar aufgeh\u00e4ngt werden. Auch als Fensterstern oder Baumspitze. Unikat: Abbildung \u00e4hnlich.<\/p>\n","protected":false},"excerpt":{"rendered":"<p>Strohstern (Hirsestroh) aus Burkina Faso, 18cm, filigrand.h. breite Strohstreifen. Doppelstern: 2 aufwendig 4-fach gelegte Sterne R\u00fcckseite an R\u00fcckseite zusammengebunden. Vorder &#8211; und R\u00fcckseite k\u00f6nnen sich unterscheiden. Stern kann frei drehbar aufgeh\u00e4ngt werden. Auch als Fensterstern oder Baumspitze. Unikat: Abbildung \u00e4hnlich.<\/p>\n","protected":false},"featured_media":250,"comment_status":"open","ping_status":"closed","template":"","meta":[],"_links":{"self":[{"href":"https:\/\/strohsterne-dietz.de\/en\/wp-json\/wp\/v2\/product\/412"}],"collection":[{"href":"https:\/\/strohsterne-dietz.de\/en\/wp-json\/wp\/v2\/product"}],"about":[{"href":"https:\/\/strohsterne-dietz.de\/en\/wp-json\/wp\/v2\/types\/product"}],"replies":[{"embeddable":true,"href":"https:\/\/strohsterne-dietz.de\/en\/wp-json\/wp\/v2\/comments?post=412"}],"wp:featuredmedia":[{"embeddable":true,"href":"https:\/\/strohsterne-dietz.de\/en\/wp-json\/wp\/v2\/media\/250"}],"wp:attachment":[{"href":"https:\/\/strohsterne-dietz.de\/en\/wp-json\/wp\/v2\/media?parent=412"}],"curies":[{"name":"wp","href":"https:\/\/api.w.org\/{rel}","templated":true}]}}