{"id":411,"date":"2020-09-11T22:43:44","date_gmt":"2020-09-11T20:43:44","guid":{"rendered":"https:\/\/project.benjaminhanke.de\/strohsterne-dietz\/produkt\/import-placeholder-for-652\/"},"modified":"2023-11-23T07:56:19","modified_gmt":"2023-11-23T06:56:19","slug":"bambusstern-hirsestroh-14cm-3-fach-und-doppelt-rustikal","status":"publish","type":"product","link":"https:\/\/strohsterne-dietz.de\/en\/product\/bambusstern-hirsestroh-14cm-3-fach-und-doppelt-rustikal\/","title":{"rendered":"Bambusstern (Hirsestroh), 14cm, 3-fach und doppelt, rustikal"},"content":{"rendered":"<p>Strohstern (Hirsestroh) aus Burkina Faso, 14cm, rustikal d.h. breite Strohstreifen. <strong>Doppelstern<\/strong>: 2 x 3-fach gelegte Sterne R\u00fcckseite an R\u00fcckseite zusammengebunden. Vorder &#8211; und R\u00fcckseite k\u00f6nnen sich unterscheiden. Stern kann frei drehbar aufgeh\u00e4ngt werden. Unikat: Abbildung \u00e4hnlich. Stroh kann nat\u00fcrliche Verf\u00e4rbungen aufweisen &#8211; rustikale Wirkung.<\/p>\n","protected":false},"excerpt":{"rendered":"<p>Strohstern (Hirsestroh) aus Burkina Faso, 14cm, rustikal d.h. breite Strohstreifen. Doppelstern: 2 x 3-fach gelegte Sterne R\u00fcckseite an R\u00fcckseite zusammengebunden. Vorder &#8211; und R\u00fcckseite k\u00f6nnen sich unterscheiden. Stern kann frei drehbar aufgeh\u00e4ngt werden. Unikat: Abbildung \u00e4hnlich. Stroh kann nat\u00fcrliche Verf\u00e4rbungen aufweisen &#8211; rustikale Wirkung.<\/p>\n","protected":false},"featured_media":248,"comment_status":"open","ping_status":"closed","template":"","meta":[],"_links":{"self":[{"href":"https:\/\/strohsterne-dietz.de\/en\/wp-json\/wp\/v2\/product\/411"}],"collection":[{"href":"https:\/\/strohsterne-dietz.de\/en\/wp-json\/wp\/v2\/product"}],"about":[{"href":"https:\/\/strohsterne-dietz.de\/en\/wp-json\/wp\/v2\/types\/product"}],"replies":[{"embeddable":true,"href":"https:\/\/strohsterne-dietz.de\/en\/wp-json\/wp\/v2\/comments?post=411"}],"wp:featuredmedia":[{"embeddable":true,"href":"https:\/\/strohsterne-dietz.de\/en\/wp-json\/wp\/v2\/media\/248"}],"wp:attachment":[{"href":"https:\/\/strohsterne-dietz.de\/en\/wp-json\/wp\/v2\/media?parent=411"}],"curies":[{"name":"wp","href":"https:\/\/api.w.org\/{rel}","templated":true}]}}