{"id":410,"date":"2020-09-11T22:43:42","date_gmt":"2020-09-11T20:43:42","guid":{"rendered":"https:\/\/project.benjaminhanke.de\/strohsterne-dietz\/produkt\/import-placeholder-for-651\/"},"modified":"2020-12-13T16:04:38","modified_gmt":"2020-12-13T15:04:38","slug":"bambusstern-hirsestroh-21-cm-2-fach-und-doppelt-rustikal","status":"publish","type":"product","link":"https:\/\/strohsterne-dietz.de\/en\/product\/bambusstern-hirsestroh-21-cm-2-fach-und-doppelt-rustikal\/","title":{"rendered":"Bambusstern (Hirsestroh), 21 cm, 2-fach und doppelt, rustikal"},"content":{"rendered":"<p>Strohstern (Hirsestroh) aus Burkina Faso, 20 cm, rustikal d.h. breite Strohstreifen. <strong>Doppelstern<\/strong>: 2 x 2-fach gelegte Sterne R\u00fcckseite an R\u00fcckseite zusammengebunden. Vorder &#8211; und R\u00fcckseite k\u00f6nnen sich unterscheiden. Stern kann frei drehbar aufgeh\u00e4ngt werden. Auch als Fensterstern oder Baumspitze. Unikat: Abbildung \u00e4hnlich.<\/p>\n","protected":false},"excerpt":{"rendered":"<p>Strohstern (Hirsestroh) aus Burkina Faso, 20 cm, rustikal d.h. breite Strohstreifen. Doppelstern: 2 x 2-fach gelegte Sterne R\u00fcckseite an R\u00fcckseite zusammengebunden. Vorder &#8211; und R\u00fcckseite k\u00f6nnen sich unterscheiden. Stern kann frei drehbar aufgeh\u00e4ngt werden. Auch als Fensterstern oder Baumspitze. Unikat: Abbildung \u00e4hnlich.<\/p>\n","protected":false},"featured_media":247,"comment_status":"open","ping_status":"closed","template":"","meta":[],"_links":{"self":[{"href":"https:\/\/strohsterne-dietz.de\/en\/wp-json\/wp\/v2\/product\/410"}],"collection":[{"href":"https:\/\/strohsterne-dietz.de\/en\/wp-json\/wp\/v2\/product"}],"about":[{"href":"https:\/\/strohsterne-dietz.de\/en\/wp-json\/wp\/v2\/types\/product"}],"replies":[{"embeddable":true,"href":"https:\/\/strohsterne-dietz.de\/en\/wp-json\/wp\/v2\/comments?post=410"}],"wp:featuredmedia":[{"embeddable":true,"href":"https:\/\/strohsterne-dietz.de\/en\/wp-json\/wp\/v2\/media\/247"}],"wp:attachment":[{"href":"https:\/\/strohsterne-dietz.de\/en\/wp-json\/wp\/v2\/media?parent=410"}],"curies":[{"name":"wp","href":"https:\/\/api.w.org\/{rel}","templated":true}]}}