{"id":408,"date":"2020-09-11T22:43:42","date_gmt":"2020-09-11T20:43:42","guid":{"rendered":"https:\/\/project.benjaminhanke.de\/strohsterne-dietz\/produkt\/import-placeholder-for-649\/"},"modified":"2021-11-21T14:46:02","modified_gmt":"2021-11-21T13:46:02","slug":"bambusstern-hirsestroh-21-cm-3-fach-und-doppelt-natur-rot","status":"publish","type":"product","link":"https:\/\/strohsterne-dietz.de\/en\/product\/bambusstern-hirsestroh-21-cm-3-fach-und-doppelt-natur-rot\/","title":{"rendered":"Bambusstern (Hirsestroh), 21 cm, 3-fach und doppelt, natur\/rot"},"content":{"rendered":"<p>Strohstern (Hirsestroh) aus Burkina Faso, 21 cm, rustikal d.h. breite Strohstreifen <strong>natur\/rot<\/strong>. <strong>Doppelstern<\/strong>: 2 aufwendig 3-fach gelegte Sterne R\u00fcckseite an R\u00fcckseite zusammengebunden. Vorder &#8211; und R\u00fcckseite k\u00f6nnen sich unterscheiden. Stern kann frei drehbar aufgeh\u00e4ngt werden. Unikate: Alle Sterne leicht unterschiedlich. Als Baumspitze geeignet. Stroh kann nat\u00fcrliche Verf\u00e4rbungen aufweisen &#8211; rustikale Wirkung.<\/p>\n","protected":false},"excerpt":{"rendered":"<p>Strohstern (Hirsestroh) aus Burkina Faso, 21 cm, rustikal d.h. breite Strohstreifen natur\/rot. Doppelstern: 2 aufwendig 3-fach gelegte Sterne R\u00fcckseite an R\u00fcckseite zusammengebunden. Vorder &#8211; und R\u00fcckseite k\u00f6nnen sich unterscheiden. Stern kann frei drehbar aufgeh\u00e4ngt werden. Unikate: Alle Sterne leicht unterschiedlich.<\/p>\n","protected":false},"featured_media":256,"comment_status":"open","ping_status":"closed","template":"","meta":[],"_links":{"self":[{"href":"https:\/\/strohsterne-dietz.de\/en\/wp-json\/wp\/v2\/product\/408"}],"collection":[{"href":"https:\/\/strohsterne-dietz.de\/en\/wp-json\/wp\/v2\/product"}],"about":[{"href":"https:\/\/strohsterne-dietz.de\/en\/wp-json\/wp\/v2\/types\/product"}],"replies":[{"embeddable":true,"href":"https:\/\/strohsterne-dietz.de\/en\/wp-json\/wp\/v2\/comments?post=408"}],"wp:featuredmedia":[{"embeddable":true,"href":"https:\/\/strohsterne-dietz.de\/en\/wp-json\/wp\/v2\/media\/256"}],"wp:attachment":[{"href":"https:\/\/strohsterne-dietz.de\/en\/wp-json\/wp\/v2\/media?parent=408"}],"curies":[{"name":"wp","href":"https:\/\/api.w.org\/{rel}","templated":true}]}}