{"id":406,"date":"2020-09-11T22:43:42","date_gmt":"2020-09-11T20:43:42","guid":{"rendered":"https:\/\/project.benjaminhanke.de\/strohsterne-dietz\/produkt\/import-placeholder-for-647\/"},"modified":"2020-12-13T16:02:59","modified_gmt":"2020-12-13T15:02:59","slug":"bambusstern-hirsestroh-20-cm-3-fach-und-doppelt","status":"publish","type":"product","link":"https:\/\/strohsterne-dietz.de\/en\/product\/bambusstern-hirsestroh-20-cm-3-fach-und-doppelt\/","title":{"rendered":"Bambusstern (Hirsestroh), 20 cm, 3-fach und doppelt"},"content":{"rendered":"<p>Strohstern (Hirsestroh) aus Burkina Faso, 20 cm. <strong>Doppelstern<\/strong>: 2 aufwendig 3-fach gelegte Sterne R\u00fcckseite an R\u00fcckseite zusammengebunden. Vorder &#8211; und R\u00fcckseite k\u00f6nnen sich unterscheiden. Stern kann frei drehbar aufgeh\u00e4ngt werden. Auch als Fensterstern oder Baumspitze. Unikat: Abbildung \u00e4hnlich.<\/p>\n","protected":false},"excerpt":{"rendered":"<p>Strohstern (Hirsestroh) aus Burkina Faso, 20 cm. <strong>Doppelstern<\/strong>: 2 aufwendig 3-fach gelegte Sterne R\u00fcckseite an R\u00fcckseite zusammengebunden. Vorder &#8211; und R\u00fcckseite k\u00f6nnen sich unterscheiden. Stern kann frei drehbar aufgeh\u00e4ngt werden. Auch als Fensterstern oder Baumspitze.<\/p>\n","protected":false},"featured_media":245,"comment_status":"open","ping_status":"closed","template":"","meta":[],"_links":{"self":[{"href":"https:\/\/strohsterne-dietz.de\/en\/wp-json\/wp\/v2\/product\/406"}],"collection":[{"href":"https:\/\/strohsterne-dietz.de\/en\/wp-json\/wp\/v2\/product"}],"about":[{"href":"https:\/\/strohsterne-dietz.de\/en\/wp-json\/wp\/v2\/types\/product"}],"replies":[{"embeddable":true,"href":"https:\/\/strohsterne-dietz.de\/en\/wp-json\/wp\/v2\/comments?post=406"}],"wp:featuredmedia":[{"embeddable":true,"href":"https:\/\/strohsterne-dietz.de\/en\/wp-json\/wp\/v2\/media\/245"}],"wp:attachment":[{"href":"https:\/\/strohsterne-dietz.de\/en\/wp-json\/wp\/v2\/media?parent=406"}],"curies":[{"name":"wp","href":"https:\/\/api.w.org\/{rel}","templated":true}]}}