{"id":389,"date":"2019-09-11T22:43:41","date_gmt":"2019-09-11T20:43:41","guid":{"rendered":"https:\/\/project.benjaminhanke.de\/strohsterne-dietz\/produkt\/import-placeholder-for-630\/"},"modified":"2026-03-12T22:26:55","modified_gmt":"2026-03-12T21:26:55","slug":"sternzwirn-rot-20m-mit-wickelnadel-7cm","status":"publish","type":"product","link":"https:\/\/strohsterne-dietz.de\/en\/product\/sternzwirn-rot-20m-mit-wickelnadel-7cm\/","title":{"rendered":"Sternzwirn, rot, 20m mit Wickelnadel 7cm"},"content":{"rendered":"<p>Spezial-Wickelfaden Sternzwirn, rot, 20m, extrem rei\u00dffest, St\u00e4rke 30 wie Knopflochgarn, auch f\u00fcr Kinder und Einsteiger geeignet da sehr griffig + Wickelnadel 7cm zum Umwickeln mehrfach gelegter Sterne<\/p>\n","protected":false},"excerpt":{"rendered":"<p>Spezial-Wickelfaden Sternzwirn, weinrot, 20m, rei\u00dffest und griffig mit Wickelnadel<\/p>\n","protected":false},"featured_media":239,"comment_status":"open","ping_status":"closed","template":"","meta":[],"_links":{"self":[{"href":"https:\/\/strohsterne-dietz.de\/en\/wp-json\/wp\/v2\/product\/389"}],"collection":[{"href":"https:\/\/strohsterne-dietz.de\/en\/wp-json\/wp\/v2\/product"}],"about":[{"href":"https:\/\/strohsterne-dietz.de\/en\/wp-json\/wp\/v2\/types\/product"}],"replies":[{"embeddable":true,"href":"https:\/\/strohsterne-dietz.de\/en\/wp-json\/wp\/v2\/comments?post=389"}],"wp:featuredmedia":[{"embeddable":true,"href":"https:\/\/strohsterne-dietz.de\/en\/wp-json\/wp\/v2\/media\/239"}],"wp:attachment":[{"href":"https:\/\/strohsterne-dietz.de\/en\/wp-json\/wp\/v2\/media?parent=389"}],"curies":[{"name":"wp","href":"https:\/\/api.w.org\/{rel}","templated":true}]}}