{"id":3854,"date":"2024-10-27T19:34:51","date_gmt":"2024-10-27T18:34:51","guid":{"rendered":"https:\/\/strohsterne-dietz.de\/?post_type=product&#038;p=3854"},"modified":"2026-04-07T22:17:45","modified_gmt":"2026-04-07T20:17:45","slug":"strohhalme-gruen-22cm-100-150-stk-a-handful","status":"publish","type":"product","link":"https:\/\/strohsterne-dietz.de\/en\/product\/strohhalme-gruen-22cm-100-150-stk-a-handful\/","title":{"rendered":"Strohhalme, gr\u00fcn, 22cm, 100-150 Stk (&#8220;a handful&#8230;&#8221; )"},"content":{"rendered":"<p>Strohhalme, gr\u00fcn, Qualit\u00e4t B\/C mit Knicken,\u00a0 22cm, 100 -150 Stk Sonderpreis.<\/p>\n<p>Auch f\u00fcr kleinere Strohsterne und Rustikalsterne geeignet.<\/p>\n","protected":false},"excerpt":{"rendered":"<p>Strohhalme, gr\u00fcn, Qualit\u00e4t B\/C mit Knicken,\u00a0 22cm, 100 -150 Stk Sonderpreis.<\/p>\n<p>Auch f\u00fcr kleinere Strohsterne und Rustikalsterne geeignet.<\/p>\n","protected":false},"featured_media":167,"comment_status":"open","ping_status":"closed","template":"","meta":[],"_links":{"self":[{"href":"https:\/\/strohsterne-dietz.de\/en\/wp-json\/wp\/v2\/product\/3854"}],"collection":[{"href":"https:\/\/strohsterne-dietz.de\/en\/wp-json\/wp\/v2\/product"}],"about":[{"href":"https:\/\/strohsterne-dietz.de\/en\/wp-json\/wp\/v2\/types\/product"}],"replies":[{"embeddable":true,"href":"https:\/\/strohsterne-dietz.de\/en\/wp-json\/wp\/v2\/comments?post=3854"}],"wp:featuredmedia":[{"embeddable":true,"href":"https:\/\/strohsterne-dietz.de\/en\/wp-json\/wp\/v2\/media\/167"}],"wp:attachment":[{"href":"https:\/\/strohsterne-dietz.de\/en\/wp-json\/wp\/v2\/media?parent=3854"}],"curies":[{"name":"wp","href":"https:\/\/api.w.org\/{rel}","templated":true}]}}