{"id":382,"date":"2019-09-11T22:43:41","date_gmt":"2019-09-11T20:43:41","guid":{"rendered":"https:\/\/project.benjaminhanke.de\/strohsterne-dietz\/produkt\/import-placeholder-for-623\/"},"modified":"2026-04-07T22:17:45","modified_gmt":"2026-04-07T20:17:45","slug":"silberfaden-duenn-foto-rechts-spule-100m","status":"publish","type":"product","link":"https:\/\/strohsterne-dietz.de\/en\/product\/silberfaden-duenn-foto-rechts-spule-100m\/","title":{"rendered":"Silberfaden, d\u00fcnn (Foto rechts), rei\u00dffest, Spule 100m"},"content":{"rendered":"<p>Silberfaden\/H\u00e4kelgarn, d\u00fcnn, super rei\u00dffest, sehr elegant, 100m Spule (im Foto rechts), sehr gut zum Strohsterne binden geeignet, aber auch zum Abbinden feuchter Halme.<\/p>\n","protected":false},"excerpt":{"rendered":"<p>Silberfaden\/H\u00e4kelgarn, d\u00fcnn, rei\u00dffest, Spule 100m (Foto rechts)<\/p>\n","protected":false},"featured_media":188,"comment_status":"open","ping_status":"closed","template":"","meta":[],"_links":{"self":[{"href":"https:\/\/strohsterne-dietz.de\/en\/wp-json\/wp\/v2\/product\/382"}],"collection":[{"href":"https:\/\/strohsterne-dietz.de\/en\/wp-json\/wp\/v2\/product"}],"about":[{"href":"https:\/\/strohsterne-dietz.de\/en\/wp-json\/wp\/v2\/types\/product"}],"replies":[{"embeddable":true,"href":"https:\/\/strohsterne-dietz.de\/en\/wp-json\/wp\/v2\/comments?post=382"}],"wp:featuredmedia":[{"embeddable":true,"href":"https:\/\/strohsterne-dietz.de\/en\/wp-json\/wp\/v2\/media\/188"}],"wp:attachment":[{"href":"https:\/\/strohsterne-dietz.de\/en\/wp-json\/wp\/v2\/media?parent=382"}],"curies":[{"name":"wp","href":"https:\/\/api.w.org\/{rel}","templated":true}]}}