{"id":380,"date":"2019-09-11T22:43:40","date_gmt":"2019-09-11T20:43:40","guid":{"rendered":"https:\/\/project.benjaminhanke.de\/strohsterne-dietz\/produkt\/import-placeholder-for-621\/"},"modified":"2026-05-07T23:33:15","modified_gmt":"2026-05-07T21:33:15","slug":"silberfaden-haekelgarn-mittel-100m","status":"publish","type":"product","link":"https:\/\/strohsterne-dietz.de\/en\/product\/silberfaden-haekelgarn-mittel-100m\/","title":{"rendered":"Goldfaden\/H\u00e4kelgarn, mittel, rei\u00dffest, 100m"},"content":{"rendered":"<p>Goldfaden\/H\u00e4kelgarn, mittel, rei\u00dffest,\u00a0 100m Spule, hochwertiges H\u00e4kelgarn f\u00fcr mittelgro\u00dfe Sterne, sehr griffig und sehr rei\u00dffest &#8211; nur noch 7 Spulen auf Lager.<\/p>\n","protected":false},"excerpt":{"rendered":"<p>Goldfaden\/H\u00e4kelgarn, rei\u00dffest, mittel, 100m Spule,<\/p>\n","protected":false},"featured_media":5149,"comment_status":"open","ping_status":"closed","template":"","meta":[],"_links":{"self":[{"href":"https:\/\/strohsterne-dietz.de\/en\/wp-json\/wp\/v2\/product\/380"}],"collection":[{"href":"https:\/\/strohsterne-dietz.de\/en\/wp-json\/wp\/v2\/product"}],"about":[{"href":"https:\/\/strohsterne-dietz.de\/en\/wp-json\/wp\/v2\/types\/product"}],"replies":[{"embeddable":true,"href":"https:\/\/strohsterne-dietz.de\/en\/wp-json\/wp\/v2\/comments?post=380"}],"wp:featuredmedia":[{"embeddable":true,"href":"https:\/\/strohsterne-dietz.de\/en\/wp-json\/wp\/v2\/media\/5149"}],"wp:attachment":[{"href":"https:\/\/strohsterne-dietz.de\/en\/wp-json\/wp\/v2\/media?parent=380"}],"curies":[{"name":"wp","href":"https:\/\/api.w.org\/{rel}","templated":true}]}}