{"id":372,"date":"2019-09-11T22:43:39","date_gmt":"2019-09-11T20:43:39","guid":{"rendered":"https:\/\/project.benjaminhanke.de\/strohsterne-dietz\/produkt\/import-placeholder-for-613\/"},"modified":"2026-05-08T16:19:34","modified_gmt":"2026-05-08T14:19:34","slug":"gebuegelte-halme-natur-100-stk","status":"publish","type":"product","link":"https:\/\/strohsterne-dietz.de\/en\/product\/gebuegelte-halme-natur-100-stk\/","title":{"rendered":"Geb\u00fcgelte Halme, natur, 100 Stk"},"content":{"rendered":"<p>Geb\u00fcgelte Halme, natur, 100 Stk, Tipp zur Verarbeitung (wahlweise): 1. Gl\u00e4tten Sie die geb\u00fcgelten Halme zus\u00e4tzlich, indem Sie mit der Kante des Strohspalters dar\u00fcberfahren oder, wie fr\u00fcher gewohnt, mit dem B\u00fcgeleisen. 2. Kleben Sie etwa gleich breite Halme aufeinander und schneiden Sie weniger sch\u00f6ne Stellen weg. Das ergibt sch\u00f6ne, stabile Sterne, die von beiden Seiten sch\u00f6n anzuschauen sind. Auch f\u00fcr Strohbilder (Intarsien). 3. F\u00fcr Intarsien die Halme auf die Klebeseite von Etiketten kleben, Motiv aufzeichnen und ausschneiden.<\/p>\n<p>Die Hame sind maschinengeb\u00fcgelt und nicht so gut wie wenn man diese selber b\u00fcgelt.<\/p>\n","protected":false},"excerpt":{"rendered":"<p>Geb\u00fcgelte Halme, natur, 100 Stk,<\/p>\n","protected":false},"featured_media":177,"comment_status":"open","ping_status":"closed","template":"","meta":[],"_links":{"self":[{"href":"https:\/\/strohsterne-dietz.de\/en\/wp-json\/wp\/v2\/product\/372"}],"collection":[{"href":"https:\/\/strohsterne-dietz.de\/en\/wp-json\/wp\/v2\/product"}],"about":[{"href":"https:\/\/strohsterne-dietz.de\/en\/wp-json\/wp\/v2\/types\/product"}],"replies":[{"embeddable":true,"href":"https:\/\/strohsterne-dietz.de\/en\/wp-json\/wp\/v2\/comments?post=372"}],"wp:featuredmedia":[{"embeddable":true,"href":"https:\/\/strohsterne-dietz.de\/en\/wp-json\/wp\/v2\/media\/177"}],"wp:attachment":[{"href":"https:\/\/strohsterne-dietz.de\/en\/wp-json\/wp\/v2\/media?parent=372"}],"curies":[{"name":"wp","href":"https:\/\/api.w.org\/{rel}","templated":true}]}}