{"id":369,"date":"2019-09-11T22:43:39","date_gmt":"2019-09-11T20:43:39","guid":{"rendered":"https:\/\/project.benjaminhanke.de\/strohsterne-dietz\/produkt\/import-placeholder-for-610\/"},"modified":"2026-05-07T23:33:14","modified_gmt":"2026-05-07T21:33:14","slug":"strohhalme-natur-22cm-500-stk-mittel-duenn-q-a","status":"publish","type":"product","link":"https:\/\/strohsterne-dietz.de\/en\/product\/strohhalme-natur-22cm-500-stk-mittel-duenn-q-a\/","title":{"rendered":"Strohhalme natur, 22cm, 500 Stk, MITTEL- d\u00fcnn, Q A"},"content":{"rendered":"<p>Strohhalme natur, 22cm, 500 Stk (ggf. 10&#215;50), MITTEL &#8211; d\u00fcnn (ca. 2-3mm) , sehr gute Qualit\u00e4t;<\/p>\n<p>auch gut f\u00fcr Himmeli geeignet.<\/p>\n<p>(Preis entspricht 10% Mengenrabatt)<\/p>\n","protected":false},"excerpt":{"rendered":"<p>Strohhalme natur, 22cm, 500 Stk, MITTEL- d\u00fcnn, Q A<\/p>\n","protected":false},"featured_media":175,"comment_status":"open","ping_status":"closed","template":"","meta":[],"_links":{"self":[{"href":"https:\/\/strohsterne-dietz.de\/en\/wp-json\/wp\/v2\/product\/369"}],"collection":[{"href":"https:\/\/strohsterne-dietz.de\/en\/wp-json\/wp\/v2\/product"}],"about":[{"href":"https:\/\/strohsterne-dietz.de\/en\/wp-json\/wp\/v2\/types\/product"}],"replies":[{"embeddable":true,"href":"https:\/\/strohsterne-dietz.de\/en\/wp-json\/wp\/v2\/comments?post=369"}],"wp:featuredmedia":[{"embeddable":true,"href":"https:\/\/strohsterne-dietz.de\/en\/wp-json\/wp\/v2\/media\/175"}],"wp:attachment":[{"href":"https:\/\/strohsterne-dietz.de\/en\/wp-json\/wp\/v2\/media?parent=369"}],"curies":[{"name":"wp","href":"https:\/\/api.w.org\/{rel}","templated":true}]}}