{"id":341,"date":"2019-09-11T22:43:37","date_gmt":"2019-09-11T20:43:37","guid":{"rendered":"https:\/\/project.benjaminhanke.de\/strohsterne-dietz\/produkt\/import-placeholder-for-582\/"},"modified":"2026-02-09T20:41:18","modified_gmt":"2026-02-09T19:41:18","slug":"perlennadel-12cm","status":"publish","type":"product","link":"https:\/\/strohsterne-dietz.de\/en\/product\/perlennadel-12cm\/","title":{"rendered":"Spezial-Wickelnadel\/Sattlernadel 8cm"},"content":{"rendered":"<p>Ideal zum Umwickeln der Strohsterne wie Schneekristalle. F\u00fcr feineres Arbeiten als mit der Kunststoffnadel ist diese stumpfe Sattlernadel gedacht. Sie hat ein kleineres \u00d6hr und kann damit durch enger liegende Halmteile gef\u00fchrt werden. Das Einf\u00e4deln ist nat\u00fcrlich etwas schwieriger. Sehr gute Handhabung!<\/p>\n<p>Auch f\u00fcr Perlen mit gr\u00f6\u00dferem Loch geeignet.<\/p>\n","protected":false},"excerpt":{"rendered":"<p>Ideal zum Binden der Strohsterne wie Schneekristalle. F\u00fcr feineres Arbeiten als mit der Kunststoffnadel ist diese stumpfe Sattlernadel gedacht.\u00a0 Sehr gute Handhabung!\u00a0 Auch f\u00fcr Perlen mit gr\u00f6\u00dferem Loch geeignet.<\/p>\n","protected":false},"featured_media":2369,"comment_status":"open","ping_status":"closed","template":"","meta":[],"_links":{"self":[{"href":"https:\/\/strohsterne-dietz.de\/en\/wp-json\/wp\/v2\/product\/341"}],"collection":[{"href":"https:\/\/strohsterne-dietz.de\/en\/wp-json\/wp\/v2\/product"}],"about":[{"href":"https:\/\/strohsterne-dietz.de\/en\/wp-json\/wp\/v2\/types\/product"}],"replies":[{"embeddable":true,"href":"https:\/\/strohsterne-dietz.de\/en\/wp-json\/wp\/v2\/comments?post=341"}],"wp:featuredmedia":[{"embeddable":true,"href":"https:\/\/strohsterne-dietz.de\/en\/wp-json\/wp\/v2\/media\/2369"}],"wp:attachment":[{"href":"https:\/\/strohsterne-dietz.de\/en\/wp-json\/wp\/v2\/media?parent=341"}],"curies":[{"name":"wp","href":"https:\/\/api.w.org\/{rel}","templated":true}]}}