{"id":338,"date":"2019-09-11T22:43:37","date_gmt":"2019-09-11T20:43:37","guid":{"rendered":"https:\/\/project.benjaminhanke.de\/strohsterne-dietz\/produkt\/import-placeholder-for-579\/"},"modified":"2026-03-22T05:25:54","modified_gmt":"2026-03-22T04:25:54","slug":"ergaenzungs-set-6-fuer-16er-sterne","status":"publish","type":"product","link":"https:\/\/strohsterne-dietz.de\/en\/product\/ergaenzungs-set-6-fuer-16er-sterne\/","title":{"rendered":"Erg\u00e4nzungs-Set 6 f\u00fcr 16er Sterne"},"content":{"rendered":"<p><strong>Erg\u00e4nzungsset 6 f\u00fcr 16er Sterne<\/strong>, bestehend aus <strong>Anleitungsheft 8<\/strong>, <strong>16er Legeform<\/strong> 5,5cm, <strong>Wickelnadel (Kunststoff) 7cm <\/strong>und<strong> 20m Sternzwirn rot <\/strong>(ohne Stroh \/ ohne Spalter)<strong>. <\/strong>Auch f\u00fcr traditionelle Strahlen- und Bogensterne<strong> (<span style=\"color: #ff6600;\">Landlust-Sterne<\/span>). <\/strong><\/p>\n<p><strong>Erg\u00e4nzungs-Set wenn Sie den 4er Spalter und Bastelstroh bereits besitzen.<\/strong><\/p>\n<p>&nbsp;<\/p>\n","protected":false},"excerpt":{"rendered":"<p><strong>Erg\u00e4nzungsset 6 f\u00fcr 16er Sterne<\/strong>, bestehend aus <strong>Anleitungsheft 8<\/strong>, <strong>16er Legeform<\/strong> 5,5cm, <strong>Wickelnadel (Kunststoff) 7cm <\/strong>und<strong> 20m Sternzwirn rot <\/strong>(ohne Stroh \/ ohne Spalter)<strong>. <\/strong>Auch f\u00fcr traditionelle Strahlen- und Bogensterne<strong> (Landlust-Sterne). <\/strong><strong>Erg\u00e4nzungs-Set wenn Sie den 4er Spalter und Bastelstroh bereits besitzen.<\/strong><\/p>\n<p>&nbsp;<\/p>\n<p>&nbsp;<\/p>\n","protected":false},"featured_media":1059,"comment_status":"open","ping_status":"closed","template":"","meta":[],"_links":{"self":[{"href":"https:\/\/strohsterne-dietz.de\/en\/wp-json\/wp\/v2\/product\/338"}],"collection":[{"href":"https:\/\/strohsterne-dietz.de\/en\/wp-json\/wp\/v2\/product"}],"about":[{"href":"https:\/\/strohsterne-dietz.de\/en\/wp-json\/wp\/v2\/types\/product"}],"replies":[{"embeddable":true,"href":"https:\/\/strohsterne-dietz.de\/en\/wp-json\/wp\/v2\/comments?post=338"}],"wp:featuredmedia":[{"embeddable":true,"href":"https:\/\/strohsterne-dietz.de\/en\/wp-json\/wp\/v2\/media\/1059"}],"wp:attachment":[{"href":"https:\/\/strohsterne-dietz.de\/en\/wp-json\/wp\/v2\/media?parent=338"}],"curies":[{"name":"wp","href":"https:\/\/api.w.org\/{rel}","templated":true}]}}