{"id":334,"date":"2019-09-11T22:43:37","date_gmt":"2019-09-11T20:43:37","guid":{"rendered":"https:\/\/project.benjaminhanke.de\/strohsterne-dietz\/produkt\/import-placeholder-for-575\/"},"modified":"2026-03-22T05:25:54","modified_gmt":"2026-03-22T04:25:54","slug":"bastel-set-strohsternnostalgie-buch-mit-legeformen-spalter-set","status":"publish","type":"product","link":"https:\/\/strohsterne-dietz.de\/en\/product\/bastel-set-strohsternnostalgie-buch-mit-legeformen-spalter-set\/","title":{"rendered":"Bastel-Set &#8220;StrohsternNostalgie&#8221; (Buch mit Material-Set) 1. Wahl"},"content":{"rendered":"<p>Bastel-Set mit Buch &#8220;Strohstern-Nostalgie&#8221; ( Verlag: Christophorus Verlag, Autor: Henrike Bratz). Ein extra Technikheft erkl\u00e4rt mit Arbeitsschrittfotos und einer Legetabelle wie es geht. Buch mit 48 Seiten und 32-seitigem Technikheft. Gr\u00f6\u00dfe: 17 x 22 cm. Au\u00dferdem enthalten sind die beiden im Buch verwendeten 12er Legeformen (5,5cm und 4,1cm), die 16er Legeform (5,5cm), der 6er und der 4er Strohspalter sowie Wickelnadel und Faden rot und je ca.40-50 Bastelhalme natur und bunt.<\/p>\n<p>Das Anleitungsbuch aus dem Christophorus-Verlag ist wieder lieferbar.<\/p>\n<p>Als Alternative empfehlen wir unser Anleitungsheft 1 (f\u00fcr die 12er Legeformen) und Anleitungsheft 8 (f\u00fcr die 16er Legeform).<\/p>\n","protected":false},"excerpt":{"rendered":"<p>Bastel-Set mit Buch &#8220;Strohstern-Nostalgie&#8221; ( Verlag: Christophorus Verlag, Autor: Henrike Bratz). Ein extra Technikheft erkl\u00e4rt mit Arbeitsschrittfotos und einer Legetabelle wie es geht. Buch mit 48 Seiten und 32-seitigem Technikheft. Gr\u00f6\u00dfe: 17 x 22 cm. Au\u00dferdem enthalten sind die beiden im Buch verwendeten 12er Legeformen (5,5cm und 4,1cm), die 16er Legeform (5,5cm), der 6er und der 4er Strohspalter sowie Wickelnadel und Faden rot und Stroh natur und bunt.<\/p>\n","protected":false},"featured_media":210,"comment_status":"open","ping_status":"closed","template":"","meta":[],"_links":{"self":[{"href":"https:\/\/strohsterne-dietz.de\/en\/wp-json\/wp\/v2\/product\/334"}],"collection":[{"href":"https:\/\/strohsterne-dietz.de\/en\/wp-json\/wp\/v2\/product"}],"about":[{"href":"https:\/\/strohsterne-dietz.de\/en\/wp-json\/wp\/v2\/types\/product"}],"replies":[{"embeddable":true,"href":"https:\/\/strohsterne-dietz.de\/en\/wp-json\/wp\/v2\/comments?post=334"}],"wp:featuredmedia":[{"embeddable":true,"href":"https:\/\/strohsterne-dietz.de\/en\/wp-json\/wp\/v2\/media\/210"}],"wp:attachment":[{"href":"https:\/\/strohsterne-dietz.de\/en\/wp-json\/wp\/v2\/media?parent=334"}],"curies":[{"name":"wp","href":"https:\/\/api.w.org\/{rel}","templated":true}]}}