{"id":333,"date":"2019-09-11T22:43:36","date_gmt":"2019-09-11T20:43:36","guid":{"rendered":"https:\/\/project.benjaminhanke.de\/strohsterne-dietz\/produkt\/import-placeholder-for-574\/"},"modified":"2026-01-29T19:16:22","modified_gmt":"2026-01-29T18:16:22","slug":"legeformen-spalter-set-zum-buch-von-h-bratz-ohne-das-buch","status":"publish","type":"product","link":"https:\/\/strohsterne-dietz.de\/en\/product\/legeformen-spalter-set-zum-buch-von-h-bratz-ohne-das-buch\/","title":{"rendered":"Legeformen-Spalter-Set &#8220;nostalgische Strohsterne&#8221; (ohne Anleitungsbuch)"},"content":{"rendered":"<p>Im Christophorus Verlag erschien 2018 das Anleitungsbuch &#8220;Strohstern-Nostalgie&#8221;. Es ersetzt &#8220;Wundersch\u00f6ne Strohsterne &#8211; mit Legeformen leicht gemacht&#8221; von Henrike Bratz. Mit seinen sch\u00f6nen Farbfotos passt es auch sehr gut als Erg\u00e4nzung zu unseren Anleitungsheften. \u00dcberall im Versandhandel und Buchhandel erh\u00e4ltlich.<\/p>\n<p>Wir bieten das dazu passende <strong>Legeformen-Spalter-Set<\/strong> an. Es enth\u00e4lt: <strong>Zwei 12er Legeformen, eine 16er Legeform, Spalter 6-fach und Spalter 4-fach,<\/strong> eine <strong>Wickelnadel<\/strong> und <strong>20m roten Faden<\/strong> und je 50 Bastelhalme natur und bunt sowie unseren Prospekt mit Kurzanleitung. Sparen Sie gegen\u00fcber Einzelkauf.<\/p>\n<p>Das Buch und die Deko-Sterne sind im Set <strong>nicht<\/strong> enthalten!!<\/p>\n<p>Als <strong>Erg\u00e4nzung<\/strong> dazu empfehlen wir<\/p>\n<p>a) unser <strong>Komplett-Set 2<\/strong> mit der <strong>Universal-Legeform<\/strong> (10cm, mit h\u00f6henverstellbarem Klemmring), dem <strong>3-fach Spalter<\/strong>, unserem <strong>Heft 2<\/strong> und 50 Bastelhalmen ( f\u00fcr gr\u00f6\u00dfere 24er, 12er, 8er und 6er Sterne)<\/p>\n<p>b) die 8er Legeformen und die 6-Eck-Legeform f\u00fcr einfachere Sterne.<\/p>\n","protected":false},"excerpt":{"rendered":"<p>Legeformen-Spalter-Set zu: &#8220;Strohstern-Nostalgie&#8221; und &#8220;Wundersch\u00f6ne Strohsterne&#8221; (Christophorus Verlag 2018 und 2015): zwei 12-er Legeformen, eine 16er Legeform, Spalter 6-fach und 4-fach, Wickelnadel und 20m roter Faden, je 50 Halme bunt und natur.. <strong>Ohne Buch und ohne Deko-Sterne.<\/strong><\/p>\n","protected":false},"featured_media":208,"comment_status":"open","ping_status":"closed","template":"","meta":[],"_links":{"self":[{"href":"https:\/\/strohsterne-dietz.de\/en\/wp-json\/wp\/v2\/product\/333"}],"collection":[{"href":"https:\/\/strohsterne-dietz.de\/en\/wp-json\/wp\/v2\/product"}],"about":[{"href":"https:\/\/strohsterne-dietz.de\/en\/wp-json\/wp\/v2\/types\/product"}],"replies":[{"embeddable":true,"href":"https:\/\/strohsterne-dietz.de\/en\/wp-json\/wp\/v2\/comments?post=333"}],"wp:featuredmedia":[{"embeddable":true,"href":"https:\/\/strohsterne-dietz.de\/en\/wp-json\/wp\/v2\/media\/208"}],"wp:attachment":[{"href":"https:\/\/strohsterne-dietz.de\/en\/wp-json\/wp\/v2\/media?parent=333"}],"curies":[{"name":"wp","href":"https:\/\/api.w.org\/{rel}","templated":true}]}}