{"id":331,"date":"2019-09-11T22:43:36","date_gmt":"2019-09-11T20:43:36","guid":{"rendered":"https:\/\/project.benjaminhanke.de\/strohsterne-dietz\/produkt\/import-placeholder-for-572\/"},"modified":"2026-02-09T14:11:59","modified_gmt":"2026-02-09T13:11:59","slug":"komplett-set-5-6er-sterne","status":"publish","type":"product","link":"https:\/\/strohsterne-dietz.de\/en\/product\/komplett-set-5-6er-sterne\/","title":{"rendered":"Komplett-Set 5 (6er Sterne)"},"content":{"rendered":"<p><strong> F\u00fcr erwachsene Einsteiger und Kinder (bei Anleitung durch Erwachsene)!<\/strong><\/p>\n<p>&nbsp;<\/p>\n<p><strong>Bastel-Set 5 (f\u00fcr 6er Sterne) besteht aus:<\/strong><\/p>\n<ul>\n<li>Anleitungsheft 7, 16 S., s\/w,<\/li>\n<li>neuartige 6-Eck-Legeform f\u00fcr 6er Sterne in 2 Gr\u00f6\u00dfen (einfach und doppelt)<\/li>\n<li>4er Strohspalter f\u00fcr breitere Halmteile<\/li>\n<li>ca. 80-100 Strohhalme natur + bunt<\/li>\n<\/ul>\n<p>(weitere Infos bei den jeweiligen Einzelartikeln)<\/p>\n","protected":false},"excerpt":{"rendered":"<p>Set f\u00fcr 6er Sterne mit Anleitungsheft 7, 16 S., s\/w,<\/p>\n<p>neuartige 6-Eck-Legeform f\u00fcr 6er Sterne in 2 Gr\u00f6\u00dfen (einfach und doppelt)<\/p>\n<p>4er Strohspalter f\u00fcr breitere Halmteile<\/p>\n<p>ca. 80-100 Strohhalme natur + bunt<\/p>\n","protected":false},"featured_media":201,"comment_status":"open","ping_status":"closed","template":"","meta":[],"_links":{"self":[{"href":"https:\/\/strohsterne-dietz.de\/en\/wp-json\/wp\/v2\/product\/331"}],"collection":[{"href":"https:\/\/strohsterne-dietz.de\/en\/wp-json\/wp\/v2\/product"}],"about":[{"href":"https:\/\/strohsterne-dietz.de\/en\/wp-json\/wp\/v2\/types\/product"}],"replies":[{"embeddable":true,"href":"https:\/\/strohsterne-dietz.de\/en\/wp-json\/wp\/v2\/comments?post=331"}],"wp:featuredmedia":[{"embeddable":true,"href":"https:\/\/strohsterne-dietz.de\/en\/wp-json\/wp\/v2\/media\/201"}],"wp:attachment":[{"href":"https:\/\/strohsterne-dietz.de\/en\/wp-json\/wp\/v2\/media?parent=331"}],"curies":[{"name":"wp","href":"https:\/\/api.w.org\/{rel}","templated":true}]}}