{"id":330,"date":"2019-09-11T22:43:36","date_gmt":"2019-09-11T20:43:36","guid":{"rendered":"https:\/\/project.benjaminhanke.de\/strohsterne-dietz\/produkt\/import-placeholder-for-571\/"},"modified":"2026-05-08T16:47:49","modified_gmt":"2026-05-08T14:47:49","slug":"6-eck-legeform-45cm","status":"publish","type":"product","link":"https:\/\/strohsterne-dietz.de\/en\/product\/6-eck-legeform-45cm\/","title":{"rendered":"6-Eck Legeform (4,5cm)"},"content":{"rendered":"<p>Die 6-Eck-Legeform ist f\u00fcr einfachere Sterne gedacht. Eine Besonderheit ist, dass recht breite Halmteile (auch geb\u00fcgelte) verwendet werden k\u00f6nnen. Das dazugeh\u00f6rige Anleitungsheft 7 beschreibt wieder alle Besonderheiten und gibt Tipps und Tricks zum Arbeiten mit dieser speziellen Form, die man nicht untersch\u00e4tzen sollte.<\/p>\n<p>Die 6-Eck-Legeform ist im Komplett-Set 5 enthalten zusammen mit dem 4er Spalter und Bastelstroh.<\/p>\n<p>Das Stroh wird gespaltet, halbiert oder gedrittelt und reihum in die Legeform eingelegt. Hilfslinien f\u00fcr einfache und zweifache Sterne sind eingraviert. Dann wird der Klemmring eingedr\u00fcckt um die Halme zu fixieren. Nun kann man problemlos wickeln. Anschlie\u00dfend wird der Stern herausgenommen und sch\u00f6n beschnitten.<\/p>\n","protected":false},"excerpt":{"rendered":"<p>Neuartige sechseckige Legeform mit in der H\u00f6he verstellbarem Klemmring f\u00fcr einfache und doppelte 6er Sterne. (Bastelanleitung in Heft 7) &#8211; f\u00fcr Einsteiger<\/p>\n","protected":false},"featured_media":200,"comment_status":"open","ping_status":"closed","template":"","meta":[],"_links":{"self":[{"href":"https:\/\/strohsterne-dietz.de\/en\/wp-json\/wp\/v2\/product\/330"}],"collection":[{"href":"https:\/\/strohsterne-dietz.de\/en\/wp-json\/wp\/v2\/product"}],"about":[{"href":"https:\/\/strohsterne-dietz.de\/en\/wp-json\/wp\/v2\/types\/product"}],"replies":[{"embeddable":true,"href":"https:\/\/strohsterne-dietz.de\/en\/wp-json\/wp\/v2\/comments?post=330"}],"wp:featuredmedia":[{"embeddable":true,"href":"https:\/\/strohsterne-dietz.de\/en\/wp-json\/wp\/v2\/media\/200"}],"wp:attachment":[{"href":"https:\/\/strohsterne-dietz.de\/en\/wp-json\/wp\/v2\/media?parent=330"}],"curies":[{"name":"wp","href":"https:\/\/api.w.org\/{rel}","templated":true}]}}