{"id":328,"date":"2019-09-11T22:43:36","date_gmt":"2019-09-11T20:43:36","guid":{"rendered":"https:\/\/project.benjaminhanke.de\/strohsterne-dietz\/produkt\/import-placeholder-for-569\/"},"modified":"2026-01-19T12:28:24","modified_gmt":"2026-01-19T11:28:24","slug":"8er-legeform-klein-einzeln-42cm-mit-klemmring","status":"publish","type":"product","link":"https:\/\/strohsterne-dietz.de\/en\/product\/8er-legeform-klein-einzeln-42cm-mit-klemmring\/","title":{"rendered":"8er Legeform, klein, einzeln, 4,2cm, mit Klemmring"},"content":{"rendered":"<p>8er Legeform einzeln, 4,2cm, die kleinere der beiden 8er Kronenformen, f\u00fcr Sterne ab 5 cm, mit h\u00f6henverstellbarem Klemmring, im Schnupper-Set enthalten. Im Legeformen-Set preiswerter.<\/p>\n","protected":false},"excerpt":{"rendered":"<p>8er Legeform einzeln, 4,2cm, die kleinere der beiden 8er Kronenformen, f\u00fcr Sterne ab 5 cm, mit h\u00f6henverstellbarem Klemmring.<\/p>\n<p>Diese Legeform kommt in unserem ersten youtube-Video &#8220;einfacher 8er Stern&#8221; zum Einsatz. Sie ist nat\u00fcrlich im Komplett-Set 3 enthalten.<\/p>\n<p>Ab 10 St\u00fcck gew\u00e4hren wir 10% Rabatt. Am Besten telefonisch melden und Bank\u00fcberweisung w\u00e4hlen.<\/p>\n","protected":false},"featured_media":2379,"comment_status":"open","ping_status":"closed","template":"","meta":[],"_links":{"self":[{"href":"https:\/\/strohsterne-dietz.de\/en\/wp-json\/wp\/v2\/product\/328"}],"collection":[{"href":"https:\/\/strohsterne-dietz.de\/en\/wp-json\/wp\/v2\/product"}],"about":[{"href":"https:\/\/strohsterne-dietz.de\/en\/wp-json\/wp\/v2\/types\/product"}],"replies":[{"embeddable":true,"href":"https:\/\/strohsterne-dietz.de\/en\/wp-json\/wp\/v2\/comments?post=328"}],"wp:featuredmedia":[{"embeddable":true,"href":"https:\/\/strohsterne-dietz.de\/en\/wp-json\/wp\/v2\/media\/2379"}],"wp:attachment":[{"href":"https:\/\/strohsterne-dietz.de\/en\/wp-json\/wp\/v2\/media?parent=328"}],"curies":[{"name":"wp","href":"https:\/\/api.w.org\/{rel}","templated":true}]}}