{"id":327,"date":"2019-09-11T22:43:36","date_gmt":"2019-09-11T20:43:36","guid":{"rendered":"https:\/\/project.benjaminhanke.de\/strohsterne-dietz\/produkt\/import-placeholder-for-568\/"},"modified":"2026-04-07T22:17:45","modified_gmt":"2026-04-07T20:17:45","slug":"8er-legeform-gross-einzeln-55cm-mit-klemmring","status":"publish","type":"product","link":"https:\/\/strohsterne-dietz.de\/en\/product\/8er-legeform-gross-einzeln-55cm-mit-klemmring\/","title":{"rendered":"8er Legeform, gro\u00df, einzeln, 5,5cm, mit Klemmring"},"content":{"rendered":"<p>8er Legeform, einzeln, 5,5cm, die gr\u00f6\u00dfere der beiden 8er Kronenformen (im Bild links), f\u00fcr Sterne ab 7 cm, mit h\u00f6henverstellbarem Klemmring. Im Legeformen-Set preiswerter.<\/p>\n<p>In Set 3 enthalten, Mengenrabatt ab 10 St\u00fcck.<\/p>\n","protected":false},"excerpt":{"rendered":"<p>8er Legeform einzeln, 5,5cm, die gr\u00f6\u00dfere der beiden 8er Kronenformen, f\u00fcr Sterne ab 7 cm, mit h\u00f6henverstellbarem Klemmring.<\/p>\n","protected":false},"featured_media":2375,"comment_status":"open","ping_status":"closed","template":"","meta":[],"_links":{"self":[{"href":"https:\/\/strohsterne-dietz.de\/en\/wp-json\/wp\/v2\/product\/327"}],"collection":[{"href":"https:\/\/strohsterne-dietz.de\/en\/wp-json\/wp\/v2\/product"}],"about":[{"href":"https:\/\/strohsterne-dietz.de\/en\/wp-json\/wp\/v2\/types\/product"}],"replies":[{"embeddable":true,"href":"https:\/\/strohsterne-dietz.de\/en\/wp-json\/wp\/v2\/comments?post=327"}],"wp:featuredmedia":[{"embeddable":true,"href":"https:\/\/strohsterne-dietz.de\/en\/wp-json\/wp\/v2\/media\/2375"}],"wp:attachment":[{"href":"https:\/\/strohsterne-dietz.de\/en\/wp-json\/wp\/v2\/media?parent=327"}],"curies":[{"name":"wp","href":"https:\/\/api.w.org\/{rel}","templated":true}]}}