{"id":326,"date":"2019-09-11T22:43:36","date_gmt":"2019-09-11T20:43:36","guid":{"rendered":"https:\/\/project.benjaminhanke.de\/strohsterne-dietz\/produkt\/import-placeholder-for-567\/"},"modified":"2026-03-22T05:25:53","modified_gmt":"2026-03-22T04:25:53","slug":"strohsterne-wie-schneekristalle-heft-3-neu-2013-in-farbe","status":"publish","type":"product","link":"https:\/\/strohsterne-dietz.de\/en\/product\/strohsterne-wie-schneekristalle-heft-3-neu-2013-in-farbe\/","title":{"rendered":"Strohsterne wie Schneekristalle (Heft 3) neu 2013 in Farbe"},"content":{"rendered":"<p>Tipps und Tricks f\u00fcr Fortgeschrittene und Schritt f\u00fcr Schritt zum gro\u00dfen Fensterstern (seit 2013 in Farbe).<\/p>\n<p>Schritt f\u00fcr Schritt wird erkl\u00e4rt wie gro\u00dfe, mehrfach gewickelte Strohsterne entstehen. (Fenstersterne und Christbaumspitzen!). Erg\u00e4nzung zu Heft 2. F\u00fcr die Universal-Legeform und die 12er Legeformen.<\/p>\n","protected":false},"excerpt":{"rendered":"<p><em><strong>Endlich wieder lieferbar: \u00a0\u00a0<\/strong><\/em> Anleitungsheft 3, 32 S., neu 2013 , &#8220;Tipps und Tricks f\u00fcr Fortgeschrittene&#8221; sowie &#8220;Schritt f\u00fcr Schritt zum gro\u00dfen Fensterstern&#8221; .<\/p>\n<p>Erg\u00e4nzung zu Anleitungsheft 2\u00a0 &#8220;Sterne aus der Universal-Legeform&#8221;.<\/p>\n<p>Ben\u00f6tigte Tools: Universal-Legeform, 12er Legeformen, Strohspalter 6-fach und 2-\/3-fach<\/p>\n","protected":false},"featured_media":127,"comment_status":"open","ping_status":"closed","template":"","meta":[],"_links":{"self":[{"href":"https:\/\/strohsterne-dietz.de\/en\/wp-json\/wp\/v2\/product\/326"}],"collection":[{"href":"https:\/\/strohsterne-dietz.de\/en\/wp-json\/wp\/v2\/product"}],"about":[{"href":"https:\/\/strohsterne-dietz.de\/en\/wp-json\/wp\/v2\/types\/product"}],"replies":[{"embeddable":true,"href":"https:\/\/strohsterne-dietz.de\/en\/wp-json\/wp\/v2\/comments?post=326"}],"wp:featuredmedia":[{"embeddable":true,"href":"https:\/\/strohsterne-dietz.de\/en\/wp-json\/wp\/v2\/media\/127"}],"wp:attachment":[{"href":"https:\/\/strohsterne-dietz.de\/en\/wp-json\/wp\/v2\/media?parent=326"}],"curies":[{"name":"wp","href":"https:\/\/api.w.org\/{rel}","templated":true}]}}