{"id":325,"date":"2019-09-11T22:43:36","date_gmt":"2019-09-11T20:43:36","guid":{"rendered":"https:\/\/project.benjaminhanke.de\/strohsterne-dietz\/produkt\/import-placeholder-for-566\/"},"modified":"2024-06-03T22:27:25","modified_gmt":"2024-06-03T20:27:25","slug":"stroh-deko-sortiment-27-teilig","status":"publish","type":"product","link":"https:\/\/strohsterne-dietz.de\/en\/product\/stroh-deko-sortiment-27-teilig\/","title":{"rendered":"Stroh-Deko Sortiment 27-teilig"},"content":{"rendered":"<p>Christbaumschmuck aus Naturstroh zur Erg\u00e4nzung Ihrer selbst gemachten Strohsterne. Alle Teile mit d\u00fcnnem Goldfaden zum Aufh\u00e4ngen.<\/p>\n<p><strong>Bastelidee<\/strong>: Mit Schleifchen versehen und auf die sonstige Deko farblich abstimmen oder in Strohringe Nr. 51 h\u00e4ngen.<\/p>\n","protected":false},"excerpt":{"rendered":"<p>27-teiliges Sortiment bestehend aus h\u00fcbschen Mini-Engeln, Mini-Kugeln,kleinen 5-Eck Sternen, Mini-Herzen, Mini-Spindeln.<\/p>\n","protected":false},"featured_media":122,"comment_status":"open","ping_status":"closed","template":"","meta":[],"_links":{"self":[{"href":"https:\/\/strohsterne-dietz.de\/en\/wp-json\/wp\/v2\/product\/325"}],"collection":[{"href":"https:\/\/strohsterne-dietz.de\/en\/wp-json\/wp\/v2\/product"}],"about":[{"href":"https:\/\/strohsterne-dietz.de\/en\/wp-json\/wp\/v2\/types\/product"}],"replies":[{"embeddable":true,"href":"https:\/\/strohsterne-dietz.de\/en\/wp-json\/wp\/v2\/comments?post=325"}],"wp:featuredmedia":[{"embeddable":true,"href":"https:\/\/strohsterne-dietz.de\/en\/wp-json\/wp\/v2\/media\/122"}],"wp:attachment":[{"href":"https:\/\/strohsterne-dietz.de\/en\/wp-json\/wp\/v2\/media?parent=325"}],"curies":[{"name":"wp","href":"https:\/\/api.w.org\/{rel}","templated":true}]}}