{"id":324,"date":"2019-09-11T22:43:36","date_gmt":"2019-09-11T20:43:36","guid":{"rendered":"https:\/\/project.benjaminhanke.de\/strohsterne-dietz\/produkt\/import-placeholder-for-565\/"},"modified":"2024-12-08T04:13:37","modified_gmt":"2024-12-08T03:13:37","slug":"strohkugeln-5cm-sortiment-9-stueck","status":"publish","type":"product","link":"https:\/\/strohsterne-dietz.de\/en\/product\/strohkugeln-5cm-sortiment-9-stueck\/","title":{"rendered":"Strohkugeln 5cm, Sortiment 9 St\u00fcck"},"content":{"rendered":"<p>Christbaumschmuck aus Naturstroh zur Erg\u00e4nzung Ihrer selbst gemachten Strohsterne. Perfekt gearbeitete Strohkugeln, natur, 5 cm Durchmesser mit d\u00fcnnem Goldfaden zum Aufh\u00e4ngen.<\/p>\n<p><strong>Bastelide<\/strong>: Mit Schleifchen versehen und auf die sonstige Deko farblich abstimmen. Aufh\u00e4nger zwischen die abgebundenen Halme ziehen, damit die Kugel sch\u00f6n senkrecht h\u00e4ngt. Oder in einen gr\u00f6\u00dferen Strohring h\u00e4ngen. Die kleineren Kugeln sind f\u00fcr kleinere B\u00e4ume gedacht oder den oberen Bereich von gr\u00f6\u00dferen B\u00e4umen.<\/p>\n","protected":false},"excerpt":{"rendered":"<p>Perfekt gearbeitete Strohkugeln, natur, 5 cm Durchmesser mit d\u00fcnnem Goldfaden zum Aufh\u00e4ngen.<\/p>\n","protected":false},"featured_media":119,"comment_status":"open","ping_status":"closed","template":"","meta":[],"_links":{"self":[{"href":"https:\/\/strohsterne-dietz.de\/en\/wp-json\/wp\/v2\/product\/324"}],"collection":[{"href":"https:\/\/strohsterne-dietz.de\/en\/wp-json\/wp\/v2\/product"}],"about":[{"href":"https:\/\/strohsterne-dietz.de\/en\/wp-json\/wp\/v2\/types\/product"}],"replies":[{"embeddable":true,"href":"https:\/\/strohsterne-dietz.de\/en\/wp-json\/wp\/v2\/comments?post=324"}],"wp:featuredmedia":[{"embeddable":true,"href":"https:\/\/strohsterne-dietz.de\/en\/wp-json\/wp\/v2\/media\/119"}],"wp:attachment":[{"href":"https:\/\/strohsterne-dietz.de\/en\/wp-json\/wp\/v2\/media?parent=324"}],"curies":[{"name":"wp","href":"https:\/\/api.w.org\/{rel}","templated":true}]}}