{"id":319,"date":"2019-09-11T22:43:34","date_gmt":"2019-09-11T20:43:34","guid":{"rendered":"https:\/\/project.benjaminhanke.de\/strohsterne-dietz\/produkt\/import-placeholder-for-560\/"},"modified":"2021-11-17T11:09:36","modified_gmt":"2021-11-17T10:09:36","slug":"schneekristall-15cm-spalthalme","status":"publish","type":"product","link":"https:\/\/strohsterne-dietz.de\/en\/product\/schneekristall-15cm-spalthalme\/","title":{"rendered":"Schneekristall 15cm, ganze Halme"},"content":{"rendered":"<p>Schneekristall 15cm, zweifach gelegter 12er Stern, aus plattgedr\u00fcckten Halmen. F\u00fcr Selbermacher: einfacher 12er Stern \u00fcber 3 in der Universal-Legeform erweitert.<\/p>\n","protected":false},"excerpt":{"rendered":"<p>SSchneekristall 15cm, zweifach gelegter 12er Stern, aus gespalteten Halmen. F\u00fcr Selbermacher: einfacher 12er Stern \u00fcber 3 in der Universal-Legeform erweitert.<\/p>\n","protected":false},"featured_media":113,"comment_status":"open","ping_status":"closed","template":"","meta":[],"_links":{"self":[{"href":"https:\/\/strohsterne-dietz.de\/en\/wp-json\/wp\/v2\/product\/319"}],"collection":[{"href":"https:\/\/strohsterne-dietz.de\/en\/wp-json\/wp\/v2\/product"}],"about":[{"href":"https:\/\/strohsterne-dietz.de\/en\/wp-json\/wp\/v2\/types\/product"}],"replies":[{"embeddable":true,"href":"https:\/\/strohsterne-dietz.de\/en\/wp-json\/wp\/v2\/comments?post=319"}],"wp:featuredmedia":[{"embeddable":true,"href":"https:\/\/strohsterne-dietz.de\/en\/wp-json\/wp\/v2\/media\/113"}],"wp:attachment":[{"href":"https:\/\/strohsterne-dietz.de\/en\/wp-json\/wp\/v2\/media?parent=319"}],"curies":[{"name":"wp","href":"https:\/\/api.w.org\/{rel}","templated":true}]}}