{"id":318,"date":"2019-09-11T22:43:34","date_gmt":"2019-09-11T20:43:34","guid":{"rendered":"https:\/\/project.benjaminhanke.de\/strohsterne-dietz\/produkt\/import-placeholder-for-559\/"},"modified":"2020-09-30T08:19:17","modified_gmt":"2020-09-30T06:19:17","slug":"schneekristall-15cm-ganze-halme-qb","status":"publish","type":"product","link":"https:\/\/strohsterne-dietz.de\/en\/product\/schneekristall-15cm-ganze-halme-qb\/","title":{"rendered":"Schneekristall 15cm, ganze Halme QB"},"content":{"rendered":"<p>Schneekristall 15cm, zweifach gelegter 12er Stern, aus ganzen Halmen. Mit kleinen Unregelm\u00e4\u00dfigkeiten. F\u00fcr Hintergrunddeko zum Sonderpreis.<\/p>\n<p>F\u00fcr Selbermacher: einfacher 12er Stern \u00fcber 3 in der Universal-Legeform erweitert (Halme vorher einweichen und platt dr\u00fccken!)<\/p>\n","protected":false},"excerpt":{"rendered":"<p>Schneekristall 15cm, zweifach gelegter 12er Stern, aus ganzen Halmen. Mit kleinen Unregelm\u00e4\u00dfigkeiten. F\u00fcr Hintergrunddeko zum Sonderpreis.<\/p>\n<p>F\u00fcr Selbermacher: einfacher 12er Stern \u00fcber 3 in der Universal-Legeform erweitert (Halme vorher einweichen und platt dr\u00fccken!)<\/p>\n","protected":false},"featured_media":112,"comment_status":"open","ping_status":"closed","template":"","meta":[],"_links":{"self":[{"href":"https:\/\/strohsterne-dietz.de\/en\/wp-json\/wp\/v2\/product\/318"}],"collection":[{"href":"https:\/\/strohsterne-dietz.de\/en\/wp-json\/wp\/v2\/product"}],"about":[{"href":"https:\/\/strohsterne-dietz.de\/en\/wp-json\/wp\/v2\/types\/product"}],"replies":[{"embeddable":true,"href":"https:\/\/strohsterne-dietz.de\/en\/wp-json\/wp\/v2\/comments?post=318"}],"wp:featuredmedia":[{"embeddable":true,"href":"https:\/\/strohsterne-dietz.de\/en\/wp-json\/wp\/v2\/media\/112"}],"wp:attachment":[{"href":"https:\/\/strohsterne-dietz.de\/en\/wp-json\/wp\/v2\/media?parent=318"}],"curies":[{"name":"wp","href":"https:\/\/api.w.org\/{rel}","templated":true}]}}