{"id":312,"date":"2019-09-11T22:43:34","date_gmt":"2019-09-11T20:43:34","guid":{"rendered":"https:\/\/project.benjaminhanke.de\/strohsterne-dietz\/produkt\/import-placeholder-for-553\/"},"modified":"2026-05-08T16:19:34","modified_gmt":"2026-05-08T14:19:34","slug":"legeformen-spalter-set-kleine-sterne-kleine-8er-legeform-u-kleine-12er-je-42cm-spalter-3-fach","status":"publish","type":"product","link":"https:\/\/strohsterne-dietz.de\/en\/product\/legeformen-spalter-set-kleine-sterne-kleine-8er-legeform-u-kleine-12er-je-42cm-spalter-3-fach\/","title":{"rendered":"Legeformen-Spalter-Set kleine Sterne: kleine 8er Legeform u. kleine 12er je 4,2cm, Spalter 3-fach"},"content":{"rendered":"<p>Legeformen-Spalter-Set f\u00fcr kleine Sterne: kleine 8er Legeform, kleine 12er Legeform (je 4,2cm), Spalter 3-fach.<\/p>\n<p>F\u00fcr Liebhaber kleiner Sterne z.B. f\u00fcr Weihnachtskarten. Nat\u00fcrlich ohne die abgebildete Karte.<\/p>\n<p>Im Legeformen-Set preiswerter.<\/p>\n","protected":false},"excerpt":{"rendered":"<p>Legeformen-Spalter-Set f\u00fcr kleine Sterne: kleine 8er Legeform, kleine 12er Legeform (je 4,2cm), Spalter 3-fach.<\/p>\n<p>F\u00fcr Liebhaber kleiner Sterne z.B. f\u00fcr Weihnachtskarten. Ohne abgebildete Karte.<\/p>\n<p>Im Legeformen-Set preiswerter.<\/p>\n","protected":false},"featured_media":61,"comment_status":"open","ping_status":"closed","template":"","meta":[],"_links":{"self":[{"href":"https:\/\/strohsterne-dietz.de\/en\/wp-json\/wp\/v2\/product\/312"}],"collection":[{"href":"https:\/\/strohsterne-dietz.de\/en\/wp-json\/wp\/v2\/product"}],"about":[{"href":"https:\/\/strohsterne-dietz.de\/en\/wp-json\/wp\/v2\/types\/product"}],"replies":[{"embeddable":true,"href":"https:\/\/strohsterne-dietz.de\/en\/wp-json\/wp\/v2\/comments?post=312"}],"wp:featuredmedia":[{"embeddable":true,"href":"https:\/\/strohsterne-dietz.de\/en\/wp-json\/wp\/v2\/media\/61"}],"wp:attachment":[{"href":"https:\/\/strohsterne-dietz.de\/en\/wp-json\/wp\/v2\/media?parent=312"}],"curies":[{"name":"wp","href":"https:\/\/api.w.org\/{rel}","templated":true}]}}