{"id":311,"date":"2019-09-11T22:43:34","date_gmt":"2019-09-11T20:43:34","guid":{"rendered":"https:\/\/project.benjaminhanke.de\/strohsterne-dietz\/produkt\/import-placeholder-for-552\/"},"modified":"2026-04-15T12:22:10","modified_gmt":"2026-04-15T10:22:10","slug":"12er-legeform-klein-einzeln-42cm-mit-klemmring","status":"publish","type":"product","link":"https:\/\/strohsterne-dietz.de\/en\/product\/12er-legeform-klein-einzeln-42cm-mit-klemmring\/","title":{"rendered":"12er Legeform, klein, einzeln, 4,2cm, mit Klemmring"},"content":{"rendered":"<p>12er Legeform einzeln, 4,2cm, die kleinere der beiden 12er Kronenformen, f\u00fcr Sterne ab 5 cm, mit h\u00f6henverstellbarem Klemmring. Im Legeformen-Set preiswerter.<\/p>\n<p>In Set 1 enthalten, Mengenrabatt ab 10 St\u00fcck. Bank\u00fcberweisung w\u00e4hlen oder telefonieren.<\/p>\n","protected":false},"excerpt":{"rendered":"<p>12er Legeform einzeln, 4,2cm, die kleinere der beiden 12er Kronenformen (rechts im Bild), f\u00fcr Sterne ab 5 cm, mit h\u00f6henverstellbarem Klemmring.<\/p>\n<p>In Set 1 enthalten, Mengenrabatt ab 10 St\u00fcck. Bank\u00fcberweisung w\u00e4hlen oder telefonieren.<\/p>\n","protected":false},"featured_media":2383,"comment_status":"open","ping_status":"closed","template":"","meta":[],"_links":{"self":[{"href":"https:\/\/strohsterne-dietz.de\/en\/wp-json\/wp\/v2\/product\/311"}],"collection":[{"href":"https:\/\/strohsterne-dietz.de\/en\/wp-json\/wp\/v2\/product"}],"about":[{"href":"https:\/\/strohsterne-dietz.de\/en\/wp-json\/wp\/v2\/types\/product"}],"replies":[{"embeddable":true,"href":"https:\/\/strohsterne-dietz.de\/en\/wp-json\/wp\/v2\/comments?post=311"}],"wp:featuredmedia":[{"embeddable":true,"href":"https:\/\/strohsterne-dietz.de\/en\/wp-json\/wp\/v2\/media\/2383"}],"wp:attachment":[{"href":"https:\/\/strohsterne-dietz.de\/en\/wp-json\/wp\/v2\/media?parent=311"}],"curies":[{"name":"wp","href":"https:\/\/api.w.org\/{rel}","templated":true}]}}