{"id":310,"date":"2019-09-11T22:43:34","date_gmt":"2019-09-11T20:43:34","guid":{"rendered":"https:\/\/project.benjaminhanke.de\/strohsterne-dietz\/produkt\/import-placeholder-for-551\/"},"modified":"2026-04-16T11:37:27","modified_gmt":"2026-04-16T09:37:27","slug":"12er-legeform-gross-55cm-mit-klemmring","status":"publish","type":"product","link":"https:\/\/strohsterne-dietz.de\/en\/product\/12er-legeform-gross-55cm-mit-klemmring\/","title":{"rendered":"12er Legeform, gro\u00df, 5,5cm, mit Klemmring"},"content":{"rendered":"<p>12er Legeform einzeln, 5,5cm, die gr\u00f6\u00dfere der beiden 12er Kronenformen, f\u00fcr Sterne ab 7 cm, mit h\u00f6henverstellbarem Klemmring. Im Legeformen-Set preiswerter.<\/p>\n<p>In Set 1 enthalten, Mengenrabatt ab 10 St\u00fcck. Bank\u00fcberweisung w\u00e4hlen oder telefonieren.<\/p>\n","protected":false},"excerpt":{"rendered":"<p>12er Legeform gro\u00df, 5,5cm, mit h\u00f6henverstellbarem Klemmring<\/p>\n","protected":false},"featured_media":2371,"comment_status":"open","ping_status":"closed","template":"","meta":[],"_links":{"self":[{"href":"https:\/\/strohsterne-dietz.de\/en\/wp-json\/wp\/v2\/product\/310"}],"collection":[{"href":"https:\/\/strohsterne-dietz.de\/en\/wp-json\/wp\/v2\/product"}],"about":[{"href":"https:\/\/strohsterne-dietz.de\/en\/wp-json\/wp\/v2\/types\/product"}],"replies":[{"embeddable":true,"href":"https:\/\/strohsterne-dietz.de\/en\/wp-json\/wp\/v2\/comments?post=310"}],"wp:featuredmedia":[{"embeddable":true,"href":"https:\/\/strohsterne-dietz.de\/en\/wp-json\/wp\/v2\/media\/2371"}],"wp:attachment":[{"href":"https:\/\/strohsterne-dietz.de\/en\/wp-json\/wp\/v2\/media?parent=310"}],"curies":[{"name":"wp","href":"https:\/\/api.w.org\/{rel}","templated":true}]}}