{"id":3055,"date":"2023-09-18T16:06:51","date_gmt":"2023-09-18T14:06:51","guid":{"rendered":"https:\/\/strohsterne-dietz.de\/?post_type=product&#038;p=3055"},"modified":"2026-05-08T16:47:49","modified_gmt":"2026-05-08T14:47:49","slug":"strohhalme-natur-22cm-ca-150-stk-dick-q-b-eine-hand-voll-handful-of-straw","status":"publish","type":"product","link":"https:\/\/strohsterne-dietz.de\/en\/product\/strohhalme-natur-22cm-ca-150-stk-dick-q-b-eine-hand-voll-handful-of-straw\/","title":{"rendered":"Strohhalme natur, 22cm, ca. 100-150 Stk, dick, Q B\/C (eine Hand voll\/handful of straw)"},"content":{"rendered":"<p>Strohhalme natur, 22cm, ca. 120-150Stk\u00a0 (eine Hand voll \/ handful of straw), 4-6mm dick, <strong>Qualit\u00e4t B\/C<\/strong>; etliche Halme mit Knicken, aber dennoch gut zum Basteln von Strohsternen geeignet. Man muss nur etwas mehr sortieren.<\/p>\n<p>Dicke Halme ergeben auch mit dem 6er Spalter relativ stabile Halmteile f\u00fcr filigrane Sterne.<\/p>\n<p>Platt gedr\u00fcckt oder geb\u00fcgelt sind sie sehr stabil f\u00fcr rustikale Sterne.<\/p>\n<p>Leichte Knicke verschwinden bei kurzem Einweichen der Halme.<\/p>\n","protected":false},"excerpt":{"rendered":"<p>Strohhalme natur, 22cm, ca. 110-150Stk\u00a0 (eine Hand voll \/ handful of straw), 4-6mm dick, <strong>Qualit\u00e4t B\/C<\/strong>; etlicheHalme mit Knicken, aber dennoch gut zum Basteln von Strohsternen geeignet. Man muss nur etwas mehr sortieren.<\/p>\n","protected":false},"featured_media":3056,"comment_status":"open","ping_status":"closed","template":"","meta":[],"_links":{"self":[{"href":"https:\/\/strohsterne-dietz.de\/en\/wp-json\/wp\/v2\/product\/3055"}],"collection":[{"href":"https:\/\/strohsterne-dietz.de\/en\/wp-json\/wp\/v2\/product"}],"about":[{"href":"https:\/\/strohsterne-dietz.de\/en\/wp-json\/wp\/v2\/types\/product"}],"replies":[{"embeddable":true,"href":"https:\/\/strohsterne-dietz.de\/en\/wp-json\/wp\/v2\/comments?post=3055"}],"wp:featuredmedia":[{"embeddable":true,"href":"https:\/\/strohsterne-dietz.de\/en\/wp-json\/wp\/v2\/media\/3056"}],"wp:attachment":[{"href":"https:\/\/strohsterne-dietz.de\/en\/wp-json\/wp\/v2\/media?parent=3055"}],"curies":[{"name":"wp","href":"https:\/\/api.w.org\/{rel}","templated":true}]}}