{"id":3047,"date":"2023-09-14T12:36:03","date_gmt":"2023-09-14T10:36:03","guid":{"rendered":"https:\/\/strohsterne-dietz.de\/?post_type=product&#038;p=3047"},"modified":"2026-04-29T15:18:48","modified_gmt":"2026-04-29T13:18:48","slug":"bastel-set-einfache-sterne-6er-und-8er-sterne-einfach-und-mehrfach-kopie","status":"publish","type":"product","link":"https:\/\/strohsterne-dietz.de\/en\/product\/bastel-set-einfache-sterne-6er-und-8er-sterne-einfach-und-mehrfach-kopie\/","title":{"rendered":"Bastel-Set einfache Sterne  ** 6er und 8er Sterne einfach und mehrfach"},"content":{"rendered":"<p><strong>F\u00fcr erwachsene Einsteiger und \u00e4ltere Kinder geeignet! Einfache und doppelte 6er und 8er Sterne.<\/strong><\/p>\n<p><strong>Bastel-Set einfache Sterne (6erund 8er Sterne) besteht aus<\/strong>:<\/p>\n<ul>\n<li>Anleitungsheft 5, 16 S., farbig, beschreibt die 8er Klemmformen, f\u00fcr Kinder illustriert<\/li>\n<li>Anleitungsheft 7, 16 S. (s\/w), beschreibt die Verwendung der 6-Eck-Legeform<\/li>\n<li>2 Legeformen f\u00fcr 8er Sterne (5,5cm + 4,1cm), mit eingravierten Hilfslinien f\u00fcr einfache und doppelte Sterne mit h\u00f6henverstellbarem Klemmring<\/li>\n<li>Eine 6-Eck-Legeform<\/li>\n<li>Strohspalter, 4 teilig<\/li>\n<li>Strohspalter, 3 teilig und halbierend<\/li>\n<li>ca. 100 Strohhalme farbig + natur<\/li>\n<li>20m Faden rot<\/li>\n<li>Wickelnadel 7cm<\/li>\n<\/ul>\n<p>(weitere Infos bei den jeweiligen Einzelartikeln)<\/p>\n","protected":false},"excerpt":{"rendered":"<p><strong>Bastel-Set einfache Sterne (6erund 8er Sterne) besteht aus<\/strong>:<\/p>\n<ul>\n<li>Anleitungsheft 5, 16 S., farbig, beschreibt die 8er Klemmformen, f\u00fcr Kinder illustriert<\/li>\n<li>Anleitungsheft 7, 16 S. (s\/w), beschreibt die Verwendung der 6-Eck-Legeform<\/li>\n<li>2 Legeformen f\u00fcr 8er Sterne (5,5cm + 4,1cm), mit eingravierten Hilfslinien f\u00fcr einfache und doppelte Sterne mit h\u00f6henverstellbarem Klemmring<\/li>\n<li>Eine 6-Eck-Legeform<\/li>\n<li>Strohspalter, 4 teilig<\/li>\n<li>Strohspalter, 3 teilig und halbierend<\/li>\n<li>ca. 100 Strohhalme farbig + natur<\/li>\n<li>20m Faden rot<\/li>\n<li>Wickelnadel 7cm<\/li>\n<\/ul>\n","protected":false},"featured_media":3048,"comment_status":"open","ping_status":"closed","template":"","meta":[],"_links":{"self":[{"href":"https:\/\/strohsterne-dietz.de\/en\/wp-json\/wp\/v2\/product\/3047"}],"collection":[{"href":"https:\/\/strohsterne-dietz.de\/en\/wp-json\/wp\/v2\/product"}],"about":[{"href":"https:\/\/strohsterne-dietz.de\/en\/wp-json\/wp\/v2\/types\/product"}],"replies":[{"embeddable":true,"href":"https:\/\/strohsterne-dietz.de\/en\/wp-json\/wp\/v2\/comments?post=3047"}],"wp:featuredmedia":[{"embeddable":true,"href":"https:\/\/strohsterne-dietz.de\/en\/wp-json\/wp\/v2\/media\/3048"}],"wp:attachment":[{"href":"https:\/\/strohsterne-dietz.de\/en\/wp-json\/wp\/v2\/media?parent=3047"}],"curies":[{"name":"wp","href":"https:\/\/api.w.org\/{rel}","templated":true}]}}