{"id":302,"date":"2019-09-11T22:43:34","date_gmt":"2019-09-11T20:43:34","guid":{"rendered":"https:\/\/project.benjaminhanke.de\/strohsterne-dietz\/produkt\/import-placeholder-for-543\/"},"modified":"2026-01-12T10:17:17","modified_gmt":"2026-01-12T09:17:17","slug":"chenilledraht-weiss-9mm-5m","status":"publish","type":"product","link":"https:\/\/strohsterne-dietz.de\/en\/product\/chenilledraht-weiss-9mm-5m\/","title":{"rendered":"Chenilledraht, wei\u00df, 9mm, 5m"},"content":{"rendered":"<p>Sterne aus wei\u00dfem Biegepl\u00fcsch wirken wie Schneeflocken. H\u00fcbsch auch f\u00fcr Fensterdekorationen.<\/p>\n","protected":false},"excerpt":{"rendered":"<p>Sterne aus wei\u00dfem Biegepl\u00fcsch wirken wie Schneeflocken. H\u00fcbsch auch f\u00fcr Fensterdekorationen.<\/p>\n","protected":false},"featured_media":95,"comment_status":"open","ping_status":"closed","template":"","meta":[],"_links":{"self":[{"href":"https:\/\/strohsterne-dietz.de\/en\/wp-json\/wp\/v2\/product\/302"}],"collection":[{"href":"https:\/\/strohsterne-dietz.de\/en\/wp-json\/wp\/v2\/product"}],"about":[{"href":"https:\/\/strohsterne-dietz.de\/en\/wp-json\/wp\/v2\/types\/product"}],"replies":[{"embeddable":true,"href":"https:\/\/strohsterne-dietz.de\/en\/wp-json\/wp\/v2\/comments?post=302"}],"wp:featuredmedia":[{"embeddable":true,"href":"https:\/\/strohsterne-dietz.de\/en\/wp-json\/wp\/v2\/media\/95"}],"wp:attachment":[{"href":"https:\/\/strohsterne-dietz.de\/en\/wp-json\/wp\/v2\/media?parent=302"}],"curies":[{"name":"wp","href":"https:\/\/api.w.org\/{rel}","templated":true}]}}