{"id":285,"date":"2019-09-11T22:43:32","date_gmt":"2019-09-11T20:43:32","guid":{"rendered":"https:\/\/project.benjaminhanke.de\/strohsterne-dietz\/produkt\/import-placeholder-for-526\/"},"modified":"2026-03-12T22:26:54","modified_gmt":"2026-03-12T21:26:54","slug":"strohhalme-natur-26-cm-50-stk-dick-fuer-groessere-sterne-christbaumspitzen-fenstersterne","status":"publish","type":"product","link":"https:\/\/strohsterne-dietz.de\/en\/product\/strohhalme-natur-26-cm-50-stk-dick-fuer-groessere-sterne-christbaumspitzen-fenstersterne\/","title":{"rendered":"Strohhalme, natur, 26 cm, 50 Stk, mittel, f\u00fcr gr\u00f6\u00dfere Sterne, Christbaumspitzen, Fenstersterne"},"content":{"rendered":"<p>Strohhalme, natur, 26 cm, 50 Stk, mittel, f\u00fcr gr\u00f6\u00dfere Sterne, Christbaumspitzen, Fenstersterne<\/p>\n","protected":false},"excerpt":{"rendered":"<p>Strohhalme, natur, 26 cm, 50 Stk, mittel, f\u00fcr gr\u00f6\u00dfere Sterne, Christbaumspitzen, Fenstersterne<\/p>\n","protected":false},"featured_media":153,"comment_status":"open","ping_status":"closed","template":"","meta":[],"_links":{"self":[{"href":"https:\/\/strohsterne-dietz.de\/en\/wp-json\/wp\/v2\/product\/285"}],"collection":[{"href":"https:\/\/strohsterne-dietz.de\/en\/wp-json\/wp\/v2\/product"}],"about":[{"href":"https:\/\/strohsterne-dietz.de\/en\/wp-json\/wp\/v2\/types\/product"}],"replies":[{"embeddable":true,"href":"https:\/\/strohsterne-dietz.de\/en\/wp-json\/wp\/v2\/comments?post=285"}],"wp:featuredmedia":[{"embeddable":true,"href":"https:\/\/strohsterne-dietz.de\/en\/wp-json\/wp\/v2\/media\/153"}],"wp:attachment":[{"href":"https:\/\/strohsterne-dietz.de\/en\/wp-json\/wp\/v2\/media?parent=285"}],"curies":[{"name":"wp","href":"https:\/\/api.w.org\/{rel}","templated":true}]}}