{"id":283,"date":"2023-09-19T10:43:32","date_gmt":"2023-09-19T08:43:32","guid":{"rendered":"https:\/\/project.benjaminhanke.de\/strohsterne-dietz\/produkt\/import-placeholder-for-524\/"},"modified":"2026-04-17T09:29:55","modified_gmt":"2026-04-17T07:29:55","slug":"strohhalme-natur-30-cm-50-stk-duenn-mittel-qa","status":"publish","type":"product","link":"https:\/\/strohsterne-dietz.de\/en\/product\/strohhalme-natur-30-cm-50-stk-duenn-mittel-qa\/","title":{"rendered":"Strohhalme, natur, 30 cm, 50 Stk, mittel-dick, QA"},"content":{"rendered":"<p>Langstroh, Strohhalme, natur, 30 cm, 50 St, mittel-dick, Kreuzhalme f\u00fcr gr\u00f6\u00dfere Sterne, Christbaumspitzen, Fenstersterne, Himmeli. Sehr sch\u00f6ne Qualit\u00e4t.<\/p>\n","protected":false},"excerpt":{"rendered":"<p>Langstroh, Strohhalme, natur, 30 cm, 50 St, mittel-dick, Kreuzhalme f\u00fcr gr\u00f6\u00dfere Sterne, Christbaumspitzen, Fenstersterne, Himmeli. Sehr sch\u00f6ne Qualit\u00e4t.<\/p>\n","protected":false},"featured_media":149,"comment_status":"open","ping_status":"closed","template":"","meta":[],"_links":{"self":[{"href":"https:\/\/strohsterne-dietz.de\/en\/wp-json\/wp\/v2\/product\/283"}],"collection":[{"href":"https:\/\/strohsterne-dietz.de\/en\/wp-json\/wp\/v2\/product"}],"about":[{"href":"https:\/\/strohsterne-dietz.de\/en\/wp-json\/wp\/v2\/types\/product"}],"replies":[{"embeddable":true,"href":"https:\/\/strohsterne-dietz.de\/en\/wp-json\/wp\/v2\/comments?post=283"}],"wp:featuredmedia":[{"embeddable":true,"href":"https:\/\/strohsterne-dietz.de\/en\/wp-json\/wp\/v2\/media\/149"}],"wp:attachment":[{"href":"https:\/\/strohsterne-dietz.de\/en\/wp-json\/wp\/v2\/media?parent=283"}],"curies":[{"name":"wp","href":"https:\/\/api.w.org\/{rel}","templated":true}]}}