{"id":281,"date":"2019-09-11T22:43:32","date_gmt":"2019-09-11T20:43:32","guid":{"rendered":"https:\/\/project.benjaminhanke.de\/strohsterne-dietz\/produkt\/import-placeholder-for-522\/"},"modified":"2026-02-09T14:11:59","modified_gmt":"2026-02-09T13:11:59","slug":"komplett-set-3-8er-sterne","status":"publish","type":"product","link":"https:\/\/strohsterne-dietz.de\/en\/product\/komplett-set-3-8er-sterne\/","title":{"rendered":"Komplett-Set 3  **  8er Sterne einfach und mehrfach, (nicht nur) f\u00fcr Kinder"},"content":{"rendered":"<p><strong>F\u00fcr Kinder und erwachsene Einsteiger geeignet! Einfache und doppelte 8er Sterne.<\/strong><\/p>\n<p>&nbsp;<\/p>\n<p><strong>Bastel-Set 3 (8er Sterne) besteht aus<\/strong>:<\/p>\n<ul>\n<li>Anleitungsheft 5, 16 S., farbig, beschreibt die 8er Klemmformen, f\u00fcr Kinder illustriert (Bastelmaus)<\/li>\n<li>2 Legeformen f\u00fcr 8er Sterne (5,5cm + 4,1cm), mit eingravierten Hilfslinien f\u00fcr einfache und doppelte Sterne mit h\u00f6henverstellbarem Klemmring<\/li>\n<li>4er Strohspalter<\/li>\n<li>ca. 100 Strohhalme farbig + natur<\/li>\n<li>20m Faden rot<\/li>\n<li>Wickelnadel 7cm<\/li>\n<\/ul>\n<p>(weitere Infos bei den jeweiligen Einzelartikeln)<\/p>\n","protected":false},"excerpt":{"rendered":"<p>Komplett-Set 3 (8er Sterne) mit Anleitungsheft 5, 16 S., farbig (beschreibt die 8er Klemmformen),<\/p>\n<p>Legeformen-Set 8er Sterne (5,5cm + 4,1cm), mit eingravierten Hilfslinien f\u00fcr einfache und doppelte Sterne<\/p>\n<p>4er Strohspalter<\/p>\n<p>ca. 100 Strohhalme farbig + natur<\/p>\n","protected":false},"featured_media":139,"comment_status":"open","ping_status":"closed","template":"","meta":[],"_links":{"self":[{"href":"https:\/\/strohsterne-dietz.de\/en\/wp-json\/wp\/v2\/product\/281"}],"collection":[{"href":"https:\/\/strohsterne-dietz.de\/en\/wp-json\/wp\/v2\/product"}],"about":[{"href":"https:\/\/strohsterne-dietz.de\/en\/wp-json\/wp\/v2\/types\/product"}],"replies":[{"embeddable":true,"href":"https:\/\/strohsterne-dietz.de\/en\/wp-json\/wp\/v2\/comments?post=281"}],"wp:featuredmedia":[{"embeddable":true,"href":"https:\/\/strohsterne-dietz.de\/en\/wp-json\/wp\/v2\/media\/139"}],"wp:attachment":[{"href":"https:\/\/strohsterne-dietz.de\/en\/wp-json\/wp\/v2\/media?parent=281"}],"curies":[{"name":"wp","href":"https:\/\/api.w.org\/{rel}","templated":true}]}}