{"id":279,"date":"2019-09-11T22:43:32","date_gmt":"2019-09-11T20:43:32","guid":{"rendered":"https:\/\/project.benjaminhanke.de\/strohsterne-dietz\/produkt\/import-placeholder-for-520\/"},"modified":"2026-04-18T11:15:34","modified_gmt":"2026-04-18T09:15:34","slug":"legeformen-set-8er-sterne","status":"publish","type":"product","link":"https:\/\/strohsterne-dietz.de\/en\/product\/legeformen-set-8er-sterne\/","title":{"rendered":"Legeformen-Set 8er Sterne (einfachere Sterne)"},"content":{"rendered":"<p>Das Set besteht aus zwei Legeformen; die gr\u00f6\u00dfere misst 5,5cm und die kleinere hat einen Durchmesser von 4,2cm.Beide haben h\u00f6henverstellbare Klemmringe, die die gespalteten Halme beim Binden festhalten. Kinder ab etwa 6 Jahren k\u00f6nnen unter Anleitung sehr gut damit basteln. P\u00e4dagogisch sehr wertvoll!<\/p>\n<p>8er Sterne sind etwas einfacher herzustellen, da man nur 8 Mal wickeln muss. Hilfslinien f\u00fcr das Einlegen sind eingraviert und erleichtern die Orientierung. In unserer Viedoanleitung auf youtube wird die kleine 8er Legeform verwendet.<\/p>\n<p>Dieses Set ist im <em><strong>Komplett-Set 3<\/strong><\/em> enthalten zusammen mit dem 4er Spalter und Bastelstroh (siehe Produktbilder bei Komplett-Set 3).<\/p>\n<p>Das Stroh wird gespaltet, halbiert oder gedrittelt und reihum in die Legeform eingelegt. Hilfslinien f\u00fcr das Einlegen sind in den Legeformen eingraviert. Dann wird der Klemmring eingedr\u00fcckt um die Halme zu fixieren. Nun kann man problemlos wickeln. Anschlie\u00dfend wird der Stern herausgenommen und sch\u00f6n beschnitten.<\/p>\n","protected":false},"excerpt":{"rendered":"<p>Gr\u00f6\u00dfere Legeform (5,5cm) und kleinere Legeform (4,1cm) jeweils mit in der H\u00f6he verstellbarem Klemmring (auch Klemmformen genannt) zur Herstellung der etwas einfacheren 8er Sterne.<\/p>\n","protected":false},"featured_media":2375,"comment_status":"open","ping_status":"closed","template":"","meta":[],"_links":{"self":[{"href":"https:\/\/strohsterne-dietz.de\/en\/wp-json\/wp\/v2\/product\/279"}],"collection":[{"href":"https:\/\/strohsterne-dietz.de\/en\/wp-json\/wp\/v2\/product"}],"about":[{"href":"https:\/\/strohsterne-dietz.de\/en\/wp-json\/wp\/v2\/types\/product"}],"replies":[{"embeddable":true,"href":"https:\/\/strohsterne-dietz.de\/en\/wp-json\/wp\/v2\/comments?post=279"}],"wp:featuredmedia":[{"embeddable":true,"href":"https:\/\/strohsterne-dietz.de\/en\/wp-json\/wp\/v2\/media\/2375"}],"wp:attachment":[{"href":"https:\/\/strohsterne-dietz.de\/en\/wp-json\/wp\/v2\/media?parent=279"}],"curies":[{"name":"wp","href":"https:\/\/api.w.org\/{rel}","templated":true}]}}