{"id":277,"date":"2019-09-11T22:43:32","date_gmt":"2019-09-11T20:43:32","guid":{"rendered":"https:\/\/project.benjaminhanke.de\/strohsterne-dietz\/produkt\/import-placeholder-for-518\/"},"modified":"2026-03-22T05:25:54","modified_gmt":"2026-03-22T04:25:54","slug":"komplett-set-2-12er-und-24er-sterne","status":"publish","type":"product","link":"https:\/\/strohsterne-dietz.de\/en\/product\/komplett-set-2-12er-und-24er-sterne\/","title":{"rendered":"Komplett-Set 2 &#8211; neu 2025 &#8211; (12er und 24er Sterne)"},"content":{"rendered":"<p><strong>Komplett-Set 2 neu 2025:\u00a0 24erSterne und 12er Sterne; auch 8er Sterne und 6er Sterne sind m\u00f6glich.<\/strong><\/p>\n<p>&nbsp;<\/p>\n<p>Bastel-Set 2 besteht aus:<\/p>\n<ul>\n<li>Anleitungsheft 2, Neuauflage 2025, 36 S.,<\/li>\n<li>Universal-Legeform (10cm) f\u00fcr gr\u00f6\u00dfere 6er, 8er, 12er und 24er Sterne und zur Erweiterung kleiner Sterne<\/li>\n<li>3er\/2er Strohspalter f\u00fcr breitere Halmteile<\/li>\n<li>ca. 50 Strohhalme natur<\/li>\n<li>ca. 40-50 Strohhalme bunt<\/li>\n<li>20m Faden rot<\/li>\n<li>Wickelnadel 7cm<\/li>\n<\/ul>\n<p>(weitere Infos bei den jeweiligen Einzelartikeln)<\/p>\n","protected":false},"excerpt":{"rendered":"<p><strong>Komplett-Set 2 neu 2025:\u00a0 24erSterne und 12er Sterne; auch 8er Sterne und 6er Sterne sind m\u00f6glich.<\/strong><\/p>\n<p>&nbsp;<\/p>\n<p>Bastel-Set 2 besteht aus:<\/p>\n<ul>\n<li>Anleitungsheft 2, Neuauflage 2025, 36 S.,<\/li>\n<li>Universal-Legeform (10cm) f\u00fcr gr\u00f6\u00dfere 6er, 8er, 12er und 24er Sterne und zur Erweiterung kleiner Sterne<\/li>\n<li>3er\/2er Strohspalter f\u00fcr breitere Halmteile<\/li>\n<li>ca. 50 Strohhalme natur<\/li>\n<li>ca. 40-50 Strohhalme bunt<\/li>\n<li>20m Faden rot<\/li>\n<li>Wickelnadel 7cm<\/li>\n<\/ul>\n<p>(weitere Infos bei den jeweiligen Einzelartikeln)<\/p>\n","protected":false},"featured_media":129,"comment_status":"open","ping_status":"closed","template":"","meta":[],"_links":{"self":[{"href":"https:\/\/strohsterne-dietz.de\/en\/wp-json\/wp\/v2\/product\/277"}],"collection":[{"href":"https:\/\/strohsterne-dietz.de\/en\/wp-json\/wp\/v2\/product"}],"about":[{"href":"https:\/\/strohsterne-dietz.de\/en\/wp-json\/wp\/v2\/types\/product"}],"replies":[{"embeddable":true,"href":"https:\/\/strohsterne-dietz.de\/en\/wp-json\/wp\/v2\/comments?post=277"}],"wp:featuredmedia":[{"embeddable":true,"href":"https:\/\/strohsterne-dietz.de\/en\/wp-json\/wp\/v2\/media\/129"}],"wp:attachment":[{"href":"https:\/\/strohsterne-dietz.de\/en\/wp-json\/wp\/v2\/media?parent=277"}],"curies":[{"name":"wp","href":"https:\/\/api.w.org\/{rel}","templated":true}]}}