{"id":275,"date":"2019-09-11T22:43:32","date_gmt":"2019-09-11T20:43:32","guid":{"rendered":"https:\/\/project.benjaminhanke.de\/strohsterne-dietz\/produkt\/import-placeholder-for-516\/"},"modified":"2026-05-07T23:33:15","modified_gmt":"2026-05-07T21:33:15","slug":"2-winterkinder-auf-spindel-11cm","status":"publish","type":"product","link":"https:\/\/strohsterne-dietz.de\/en\/product\/2-winterkinder-auf-spindel-11cm\/","title":{"rendered":"2 Winterkinder auf Spindel, 11cm"},"content":{"rendered":"<p>Die Serie &#8220;Winterkinder&#8221; eignet sich gut als Advents- und Weihnachtsschmuck &#8211; auch f\u00fcr gr\u00f6\u00dfere Chistb\u00e4ume.<\/p>\n","protected":false},"excerpt":{"rendered":"<p>Zwei &#8220;Winterkinder&#8221; aus Strickschlauch gefertigt auf geflochtener gerader Strohspindel 11 cm lang sitzend. Roter Faden und Goldkordelaufh\u00e4nger.<\/p>\n","protected":false},"featured_media":125,"comment_status":"open","ping_status":"closed","template":"","meta":[],"_links":{"self":[{"href":"https:\/\/strohsterne-dietz.de\/en\/wp-json\/wp\/v2\/product\/275"}],"collection":[{"href":"https:\/\/strohsterne-dietz.de\/en\/wp-json\/wp\/v2\/product"}],"about":[{"href":"https:\/\/strohsterne-dietz.de\/en\/wp-json\/wp\/v2\/types\/product"}],"replies":[{"embeddable":true,"href":"https:\/\/strohsterne-dietz.de\/en\/wp-json\/wp\/v2\/comments?post=275"}],"wp:featuredmedia":[{"embeddable":true,"href":"https:\/\/strohsterne-dietz.de\/en\/wp-json\/wp\/v2\/media\/125"}],"wp:attachment":[{"href":"https:\/\/strohsterne-dietz.de\/en\/wp-json\/wp\/v2\/media?parent=275"}],"curies":[{"name":"wp","href":"https:\/\/api.w.org\/{rel}","templated":true}]}}