{"id":274,"date":"2019-09-11T22:43:32","date_gmt":"2019-09-11T20:43:32","guid":{"rendered":"https:\/\/project.benjaminhanke.de\/strohsterne-dietz\/produkt\/import-placeholder-for-515\/"},"modified":"2024-12-03T13:13:13","modified_gmt":"2024-12-03T12:13:13","slug":"winterkind-in-strohring-12cm","status":"publish","type":"product","link":"https:\/\/strohsterne-dietz.de\/en\/product\/winterkind-in-strohring-12cm\/","title":{"rendered":"Winterkind in Strohring, 12cm"},"content":{"rendered":"<p>Die Serie &#8220;Winterkinder&#8221; eignet sich gut als Advents- und Weihnachtsschmuck &#8211; auch f\u00fcr gr\u00f6\u00dfere Chistb\u00e4ume.<\/p>\n","protected":false},"excerpt":{"rendered":"<p>&#8220;Winterkind&#8221; aus Strickschlauch gefertigt in geflochtenem Strohring mit 12 cm Durchmesser sitzend. Roter Fadenaufh\u00e4nger.<\/p>\n","protected":false},"featured_media":124,"comment_status":"open","ping_status":"closed","template":"","meta":[],"_links":{"self":[{"href":"https:\/\/strohsterne-dietz.de\/en\/wp-json\/wp\/v2\/product\/274"}],"collection":[{"href":"https:\/\/strohsterne-dietz.de\/en\/wp-json\/wp\/v2\/product"}],"about":[{"href":"https:\/\/strohsterne-dietz.de\/en\/wp-json\/wp\/v2\/types\/product"}],"replies":[{"embeddable":true,"href":"https:\/\/strohsterne-dietz.de\/en\/wp-json\/wp\/v2\/comments?post=274"}],"wp:featuredmedia":[{"embeddable":true,"href":"https:\/\/strohsterne-dietz.de\/en\/wp-json\/wp\/v2\/media\/124"}],"wp:attachment":[{"href":"https:\/\/strohsterne-dietz.de\/en\/wp-json\/wp\/v2\/media?parent=274"}],"curies":[{"name":"wp","href":"https:\/\/api.w.org\/{rel}","templated":true}]}}