{"id":273,"date":"2019-09-11T22:43:32","date_gmt":"2019-09-11T20:43:32","guid":{"rendered":"https:\/\/project.benjaminhanke.de\/strohsterne-dietz\/produkt\/import-placeholder-for-514\/"},"modified":"2025-12-21T17:47:08","modified_gmt":"2025-12-21T16:47:08","slug":"winterkind-auf-spindel-15cm","status":"publish","type":"product","link":"https:\/\/strohsterne-dietz.de\/en\/product\/winterkind-auf-spindel-15cm\/","title":{"rendered":"Winterkind auf Spindel 15cm"},"content":{"rendered":"<p>Die Serie &#8220;Winterkinder&#8221; eignet sich gut als Advents- und Weihnachtsschmuck &#8211; auch f\u00fcr gr\u00f6\u00dfere Chistb\u00e4ume.<\/p>\n","protected":false},"excerpt":{"rendered":"<p>&#8220;Winterkind&#8221; aus Strickschlauch gefertigt auf gebogender Strohspindel sitzend mit Mini-Stern. Goldkordelaufh\u00e4nger.<\/p>\n","protected":false},"featured_media":123,"comment_status":"open","ping_status":"closed","template":"","meta":[],"_links":{"self":[{"href":"https:\/\/strohsterne-dietz.de\/en\/wp-json\/wp\/v2\/product\/273"}],"collection":[{"href":"https:\/\/strohsterne-dietz.de\/en\/wp-json\/wp\/v2\/product"}],"about":[{"href":"https:\/\/strohsterne-dietz.de\/en\/wp-json\/wp\/v2\/types\/product"}],"replies":[{"embeddable":true,"href":"https:\/\/strohsterne-dietz.de\/en\/wp-json\/wp\/v2\/comments?post=273"}],"wp:featuredmedia":[{"embeddable":true,"href":"https:\/\/strohsterne-dietz.de\/en\/wp-json\/wp\/v2\/media\/123"}],"wp:attachment":[{"href":"https:\/\/strohsterne-dietz.de\/en\/wp-json\/wp\/v2\/media?parent=273"}],"curies":[{"name":"wp","href":"https:\/\/api.w.org\/{rel}","templated":true}]}}