{"id":272,"date":"2019-09-11T22:43:32","date_gmt":"2019-09-11T20:43:32","guid":{"rendered":"https:\/\/project.benjaminhanke.de\/strohsterne-dietz\/produkt\/import-placeholder-for-513\/"},"modified":"2025-09-09T08:58:12","modified_gmt":"2025-09-09T06:58:12","slug":"strohring-15cm","status":"publish","type":"product","link":"https:\/\/strohsterne-dietz.de\/en\/product\/strohring-15cm\/","title":{"rendered":"Strohring 15cm"},"content":{"rendered":"<p>Christbaumschmuck aus Naturstroh zur Erg\u00e4nzung Ihrer selbst gemachten Strohsterne. Perfekt gearbeitete Strohringe, natur, 15 cm Durchmesser mit d\u00fcnnem Goldfaden zum Aufh\u00e4ngen.<\/p>\n<p><strong>Bastelidee<\/strong>: Mit Schleifchen versehen und auf die sonstige Deko farblich abstimmen. Sie k\u00f6nnen auch eigene Strohsterne hineinh\u00e4ngen oder auch andere Dekoteile.<\/p>\n","protected":false},"excerpt":{"rendered":"<p>Perfekt gearbeitete Strohringe, natur, 15 cm Durchmesser mit d\u00fcnnem Goldfaden zum Aufh\u00e4ngen. Zum Weiterbasteln: Mit Schleifchen etc. versehen und auf die sonstige Deko farblich abstimmen.<\/p>\n","protected":false},"featured_media":121,"comment_status":"open","ping_status":"closed","template":"","meta":[],"_links":{"self":[{"href":"https:\/\/strohsterne-dietz.de\/en\/wp-json\/wp\/v2\/product\/272"}],"collection":[{"href":"https:\/\/strohsterne-dietz.de\/en\/wp-json\/wp\/v2\/product"}],"about":[{"href":"https:\/\/strohsterne-dietz.de\/en\/wp-json\/wp\/v2\/types\/product"}],"replies":[{"embeddable":true,"href":"https:\/\/strohsterne-dietz.de\/en\/wp-json\/wp\/v2\/comments?post=272"}],"wp:featuredmedia":[{"embeddable":true,"href":"https:\/\/strohsterne-dietz.de\/en\/wp-json\/wp\/v2\/media\/121"}],"wp:attachment":[{"href":"https:\/\/strohsterne-dietz.de\/en\/wp-json\/wp\/v2\/media?parent=272"}],"curies":[{"name":"wp","href":"https:\/\/api.w.org\/{rel}","templated":true}]}}