{"id":271,"date":"2019-09-11T22:43:32","date_gmt":"2019-09-11T20:43:32","guid":{"rendered":"https:\/\/project.benjaminhanke.de\/strohsterne-dietz\/produkt\/import-placeholder-for-512\/"},"modified":"2026-01-14T12:43:48","modified_gmt":"2026-01-14T11:43:48","slug":"strohringe-klein-7-cm-sortiment-10st","status":"publish","type":"product","link":"https:\/\/strohsterne-dietz.de\/en\/product\/strohringe-klein-7-cm-sortiment-10st\/","title":{"rendered":"Strohringe klein, 7 cm Sortiment 10St"},"content":{"rendered":"<p>Christbaumschmuck aus Naturstroh zur Erg\u00e4nzung Ihrer selbst gemachten Strohsterne. Perfekt gearbeitete Strohringe, natur, 7 cm Durchmesser mit d\u00fcnnem Goldfaden zum Aufh\u00e4ngen.<\/p>\n<p><strong>Bastelidee<\/strong>: Mit Schleifchen versehen und auf die sonstige Deko farblich abstimmen.<\/p>\n","protected":false},"excerpt":{"rendered":"<p>10 kleine Strohringe natur, 7cm Durchmesser, als Baumschmuck oder zum Basteln und Dekorieren.<\/p>\n","protected":false},"featured_media":120,"comment_status":"open","ping_status":"closed","template":"","meta":[],"_links":{"self":[{"href":"https:\/\/strohsterne-dietz.de\/en\/wp-json\/wp\/v2\/product\/271"}],"collection":[{"href":"https:\/\/strohsterne-dietz.de\/en\/wp-json\/wp\/v2\/product"}],"about":[{"href":"https:\/\/strohsterne-dietz.de\/en\/wp-json\/wp\/v2\/types\/product"}],"replies":[{"embeddable":true,"href":"https:\/\/strohsterne-dietz.de\/en\/wp-json\/wp\/v2\/comments?post=271"}],"wp:featuredmedia":[{"embeddable":true,"href":"https:\/\/strohsterne-dietz.de\/en\/wp-json\/wp\/v2\/media\/120"}],"wp:attachment":[{"href":"https:\/\/strohsterne-dietz.de\/en\/wp-json\/wp\/v2\/media?parent=271"}],"curies":[{"name":"wp","href":"https:\/\/api.w.org\/{rel}","templated":true}]}}