{"id":266,"date":"2019-09-11T22:43:32","date_gmt":"2019-09-11T20:43:32","guid":{"rendered":"https:\/\/project.benjaminhanke.de\/strohsterne-dietz\/produkt\/import-placeholder-for-507\/"},"modified":"2026-03-12T22:26:54","modified_gmt":"2026-03-12T21:26:54","slug":"universal-legeform-ca-10cm","status":"publish","type":"product","link":"https:\/\/strohsterne-dietz.de\/en\/product\/universal-legeform-ca-10cm\/","title":{"rendered":"Universal-Legeform (ca. 10cm)"},"content":{"rendered":"<p>Diese Legeform ist im Komplett-Set 2 enthalten zusammen mit dem 3er Spalter und Bastelstroh.<\/p>\n<p>Die Legeform ist f\u00fcr 24er Sterne gedacht. Sie hat aber durch die 12 Zungen eine 12er Teilung zu leichteren Orientierung f\u00fcr 12er Sterne. Der Klemmring ist h\u00f6henverstellbar und kann nicht herausrutschen. Das Stroh wird sicher festgehalten. Eine gro\u00dfe Hilfe beim Basteln!<\/p>\n<p>Das Stroh wird gespaltet, halbiert oder gedrittelt und reihum in die Legeform eingelegt. Schablonen aus Heft 2 erleichtern das Einlegen f\u00fcr den Anfang. Dann wird der Klemmring eingedr\u00fcckt um die Halme zu fixieren. Dann kann man problemlos wickeln. Anschlie\u00dfend wird der Stern herausgenommen und sch\u00f6n beschnitten.<\/p>\n<p>Ausf\u00fchrliche Anleitung in Heft 2.<\/p>\n","protected":false},"excerpt":{"rendered":"<p>g\u00f6\u00dfere Legeform (ca. 10cm) mit in der H\u00f6he verstellbarem Klemmring f\u00fcr 24er, 12er, 8er und 6er Sterne. (Bastelanleitung in Heft 2)<\/p>\n","protected":false},"featured_media":69,"comment_status":"open","ping_status":"closed","template":"","meta":[],"_links":{"self":[{"href":"https:\/\/strohsterne-dietz.de\/en\/wp-json\/wp\/v2\/product\/266"}],"collection":[{"href":"https:\/\/strohsterne-dietz.de\/en\/wp-json\/wp\/v2\/product"}],"about":[{"href":"https:\/\/strohsterne-dietz.de\/en\/wp-json\/wp\/v2\/types\/product"}],"replies":[{"embeddable":true,"href":"https:\/\/strohsterne-dietz.de\/en\/wp-json\/wp\/v2\/comments?post=266"}],"wp:featuredmedia":[{"embeddable":true,"href":"https:\/\/strohsterne-dietz.de\/en\/wp-json\/wp\/v2\/media\/69"}],"wp:attachment":[{"href":"https:\/\/strohsterne-dietz.de\/en\/wp-json\/wp\/v2\/media?parent=266"}],"curies":[{"name":"wp","href":"https:\/\/api.w.org\/{rel}","templated":true}]}}