{"id":264,"date":"2019-09-11T22:43:32","date_gmt":"2019-09-11T20:43:32","guid":{"rendered":"https:\/\/project.benjaminhanke.de\/strohsterne-dietz\/produkt\/import-placeholder-for-505\/"},"modified":"2026-03-08T10:43:26","modified_gmt":"2026-03-08T09:43:26","slug":"komplett-set-1-12er-sterne","status":"publish","type":"product","link":"https:\/\/strohsterne-dietz.de\/en\/product\/komplett-set-1-12er-sterne\/","title":{"rendered":"Komplett-Set 1 (12er Sterne)"},"content":{"rendered":"<p>Strohsterne \u2013 kinderleicht und schnell gebastelt!<\/p>\n<p>Kein Einweichen! Kein B\u00fcgeln der Halme n\u00f6tig!<\/p>\n<p>Die Halme mit dem Strohspalter spalten und in die Klemmform einlegen. Der h\u00f6henverstellbare Klemmring h\u00e4lt die Teile zum Binden fest. Nichts kann verrutschen!<\/p>\n<p>F\u00fcr den Einstieg empfehlen wir unser <strong>Komplett-Set 1 f\u00fcr 12er Sterne<\/strong> mit Anleitungsheft 1 (oder auch das Bastel-Set &#8220;nostalgische Strohsterne&#8221; zus\u00e4tzlich mit 16er Legeform und 4er Spalter). Das Heft ist nach dem Prinzip &#8220;vom Einfachen zum Komplizierten&#8221; aufgebaut. Auch die einfachen Sterne sind bereits wundersch\u00f6n anzuschauen und auch von Kindern ab 6 Jahren machbar (mit leichter Hilfestellung). Alle M\u00f6glichkeiten der 12er Legeformen werden systematisch beschrieben und bald k\u00f6nnen Sie Ihrer Kreativit\u00e4t freien Lauf lassen.<\/p>\n<p>F\u00fcr <strong>ambitionierte Bastler werden auch <\/strong>traditionelle Strahlen-, Bogen- und F\u00e4chersterne<strong><span style=\"color: #ff6600;\"> (Landlust-Sterne) <\/span><\/strong><span style=\"color: #ff6600;\"><span style=\"color: #000000;\">beschrieben<\/span><\/span><strong><span style=\"color: #000000;\">.<\/span><br \/>\n<\/strong><\/p>\n<p><strong>Bastel-Set 1<\/strong> besteht aus:<\/p>\n<ul>\n<li>Schritt-f\u00fcr-Schritt-Anleitungsheft 1, 40 S., in Farbe<\/li>\n<li>2 Legeformen f\u00fcr 12er Sterne (5,5cm + 4,1cm) mit h\u00f6henverstellbaren Klemmringen<\/li>\n<li>6er Strohspalter<\/li>\n<li>ca. 50 Strohhalme natur<\/li>\n<li>ca. 40-50 Halme bunt<\/li>\n<li>20m Faden rot<\/li>\n<li>Wickelnadel<\/li>\n<\/ul>\n<p>(weitere Infos bei den jeweiligen Einzelartikeln, auf youtube, auf pinterest und facebook)<\/p>\n","protected":false},"excerpt":{"rendered":"<p>Bastelset mit Anleitungsheft 1, Legeformen-Set f\u00fcr 12er Sterne (5,5cm + 4,1cm), 6er Strohspalter, ca. 100 Strohhalme natur\/bunt. Auch f\u00fcr traditionelle Strahlen-, Bogen- und F\u00e4chersterne<strong><span style=\"color: #ff6600;\"> (Landlust-Sterne)<\/span>, <\/strong>20m Faden und Wickelnadel.<\/p>\n<p>&nbsp;<\/p>\n","protected":false},"featured_media":63,"comment_status":"open","ping_status":"closed","template":"","meta":[],"_links":{"self":[{"href":"https:\/\/strohsterne-dietz.de\/en\/wp-json\/wp\/v2\/product\/264"}],"collection":[{"href":"https:\/\/strohsterne-dietz.de\/en\/wp-json\/wp\/v2\/product"}],"about":[{"href":"https:\/\/strohsterne-dietz.de\/en\/wp-json\/wp\/v2\/types\/product"}],"replies":[{"embeddable":true,"href":"https:\/\/strohsterne-dietz.de\/en\/wp-json\/wp\/v2\/comments?post=264"}],"wp:featuredmedia":[{"embeddable":true,"href":"https:\/\/strohsterne-dietz.de\/en\/wp-json\/wp\/v2\/media\/63"}],"wp:attachment":[{"href":"https:\/\/strohsterne-dietz.de\/en\/wp-json\/wp\/v2\/media?parent=264"}],"curies":[{"name":"wp","href":"https:\/\/api.w.org\/{rel}","templated":true}]}}