{"id":262,"date":"2019-09-11T22:43:31","date_gmt":"2019-09-11T20:43:31","guid":{"rendered":"https:\/\/project.benjaminhanke.de\/strohsterne-dietz\/produkt\/import-placeholder-for-503\/"},"modified":"2026-04-18T11:15:34","modified_gmt":"2026-04-18T09:15:34","slug":"legeformen-set-12er-sterne","status":"publish","type":"product","link":"https:\/\/strohsterne-dietz.de\/en\/product\/legeformen-set-12er-sterne\/","title":{"rendered":"Legeformen-Set 12er Sterne"},"content":{"rendered":"<p>Gr\u00f6\u00dfere Legeform(5,5cm) und kleinere Legeform (4,1cm) jeweils mit in der H\u00f6he verstellbarem Klemmring (auch Klemmformen genannt). Neuerdings mit Hilfslinien f\u00fcr einfache Sterne.<\/p>\n<p>Dieses Set ist im Komplett-Set 1enthalten zusammen mit dem 6er Spalter und Bastelstroh. Das Stroh wird gespaltet, halbiert oder gedrittelt und reihum in die Legeform eingelegt. Die Hilfslinien erleichtern die Orientierung beim Einlegen (besonders f\u00fcr Kinder und Ensteiger).\u00a0 Dann wird der Klemmring eingedr\u00fcckt um die Halme zu fixieren. Der Klemmring rastet auf verschiedenen H\u00f6hen ein &#8211; je nach der Anzahl der eingelegten Halme. Nun kann man problemlos wickeln. Anschlie\u00dfend wird der Stern herausgenommen und sch\u00f6n beschnitten.<\/p>\n","protected":false},"excerpt":{"rendered":"<p>Gr\u00f6\u00dfere Legeform (5,5cm) und kleinere Legeform (4,1cm) jeweils mit in der H\u00f6he verstellbarem Klemmring (auch Klemmformen genannt)<\/p>\n","protected":false},"featured_media":53,"comment_status":"open","ping_status":"closed","template":"","meta":[],"_links":{"self":[{"href":"https:\/\/strohsterne-dietz.de\/en\/wp-json\/wp\/v2\/product\/262"}],"collection":[{"href":"https:\/\/strohsterne-dietz.de\/en\/wp-json\/wp\/v2\/product"}],"about":[{"href":"https:\/\/strohsterne-dietz.de\/en\/wp-json\/wp\/v2\/types\/product"}],"replies":[{"embeddable":true,"href":"https:\/\/strohsterne-dietz.de\/en\/wp-json\/wp\/v2\/comments?post=262"}],"wp:featuredmedia":[{"embeddable":true,"href":"https:\/\/strohsterne-dietz.de\/en\/wp-json\/wp\/v2\/media\/53"}],"wp:attachment":[{"href":"https:\/\/strohsterne-dietz.de\/en\/wp-json\/wp\/v2\/media?parent=262"}],"curies":[{"name":"wp","href":"https:\/\/api.w.org\/{rel}","templated":true}]}}