{"id":261,"date":"2019-09-11T22:43:31","date_gmt":"2019-09-11T20:43:31","guid":{"rendered":"https:\/\/project.benjaminhanke.de\/strohsterne-dietz\/produkt\/import-placeholder-for-502\/"},"modified":"2026-03-12T22:26:55","modified_gmt":"2026-03-12T21:26:55","slug":"strohsterne-wie-schneekristalle-heft-1-40-s-neuauflage-2015","status":"publish","type":"product","link":"https:\/\/strohsterne-dietz.de\/en\/product\/strohsterne-wie-schneekristalle-heft-1-40-s-neuauflage-2015\/","title":{"rendered":"Strohsterne wie Schneekristalle (Heft 1), 40 S. (Neuauflage 2015)"},"content":{"rendered":"<p><strong>Standardwerk zum Strohsternebasteln mit Legeformen!<\/strong><\/p>\n<p>Schritt f\u00fcr Schritt wird erkl\u00e4rt wie die Strohsterne wie Schneekristalle entstehen. Folgt dem didaktischen Prinzip vom Einfachen zum Schwierigeren! Beschreibt das Basteln mit den 12er Legeformen (4,2cm und 5,5cm Durchmesser), dem 6er Strohspalter und die Wickeltechnik mit einer Sticknadel. Zum Schluss wird gezeigt, wie hilfreich die Legeformen auch f\u00fcr die herk\u00f6mmlichen Strahlensterne, Bogensterne und F\u00e4chersterne sind. (Neuauflage\u00a0 2015: 40 Seiten in Farbe).<\/p>\n<p>Inhalt:<\/p>\n<ul>\n<li style=\"list-style-type: none;\">\n<ul>\n<li><span style=\"font-size: 1rem;\">Wie wird das Stroh gespaltet?<\/span><\/li>\n<li>Wie legt man das Stroh ein?<\/li>\n<li>Wie wird das eingelegte Stroh fixiert (Klemmring)?<\/li>\n<li>Wie wird richtig gewickelt?<\/li>\n<li>Wie kann man die Sterne zurechtschneiden?<\/li>\n<li>Wie macht man 2 und mehrfach gelegte Sterne?<\/li>\n<li>Wie macht man mehrfach gewickelte Sterne?<\/li>\n<li>Strahlensterne in der Legeform.<\/li>\n<li>Bogensterne f\u00fcr Nostalgiker.<\/li>\n<li>Abgebundene Sterne<\/li>\n<\/ul>\n<\/li>\n<\/ul>\n<ul>\n<li style=\"list-style-type: none;\"><\/li>\n<\/ul>\n<ul>\n<li style=\"list-style-type: none;\"><\/li>\n<\/ul>\n<ul>\n<li style=\"list-style-type: none;\"><\/li>\n<\/ul>\n<ul>\n<li style=\"list-style-type: none;\"><\/li>\n<\/ul>\n<ul>\n<li style=\"list-style-type: none;\"><\/li>\n<\/ul>\n<ul>\n<li style=\"list-style-type: none;\"><\/li>\n<\/ul>\n<ul>\n<li style=\"list-style-type: none;\"><\/li>\n<\/ul>\n<ul>\n<li style=\"list-style-type: none;\"><\/li>\n<\/ul>\n","protected":false},"excerpt":{"rendered":"<p>Anleitungsheft 1, 40 S., f\u00fcr Sterne aus den 12er Legeformen (4,2cm und 5,5cm Durchmesser) (Neuauflage 2015)<\/p>\n","protected":false},"featured_media":50,"comment_status":"open","ping_status":"closed","template":"","meta":[],"_links":{"self":[{"href":"https:\/\/strohsterne-dietz.de\/en\/wp-json\/wp\/v2\/product\/261"}],"collection":[{"href":"https:\/\/strohsterne-dietz.de\/en\/wp-json\/wp\/v2\/product"}],"about":[{"href":"https:\/\/strohsterne-dietz.de\/en\/wp-json\/wp\/v2\/types\/product"}],"replies":[{"embeddable":true,"href":"https:\/\/strohsterne-dietz.de\/en\/wp-json\/wp\/v2\/comments?post=261"}],"wp:featuredmedia":[{"embeddable":true,"href":"https:\/\/strohsterne-dietz.de\/en\/wp-json\/wp\/v2\/media\/50"}],"wp:attachment":[{"href":"https:\/\/strohsterne-dietz.de\/en\/wp-json\/wp\/v2\/media?parent=261"}],"curies":[{"name":"wp","href":"https:\/\/api.w.org\/{rel}","templated":true}]}}