{"id":2403,"date":"2022-10-04T01:02:55","date_gmt":"2022-10-03T23:02:55","guid":{"rendered":"https:\/\/strohsterne-dietz.de\/?post_type=product&#038;p=2403"},"modified":"2026-05-07T23:33:15","modified_gmt":"2026-05-07T21:33:15","slug":"kunststoff-wickelnadel-7cm","status":"publish","type":"product","link":"https:\/\/strohsterne-dietz.de\/en\/product\/kunststoff-wickelnadel-7cm\/","title":{"rendered":"Kunststoff-Wickelnadel  7cm"},"content":{"rendered":"<p>Besonders gefahrloses Arbeiten bietet die stumpfe Kunststoffwickelnadel f\u00fcr erwachsene Einsteiger und besonders f\u00fcr Kinder. Gro\u00dfes \u00d6hr zum einfachen Einf\u00e4deln und Festbinden des Fadens. Ideale L\u00e4nge 7cm.<\/p>\n","protected":false},"excerpt":{"rendered":"<p>Gefahrloses Arbeiten bietet die stumpfe Kunststoffwickelnadel f\u00fcr erwachsene Einsteiger und besonders f\u00fcr Kinder. Gro\u00dfes \u00d6hr zum einfachen Einf\u00e4deln und Festbinden des Fadens. Ideale L\u00e4nge 7cm.<\/p>\n","protected":false},"featured_media":2367,"comment_status":"open","ping_status":"closed","template":"","meta":[],"_links":{"self":[{"href":"https:\/\/strohsterne-dietz.de\/en\/wp-json\/wp\/v2\/product\/2403"}],"collection":[{"href":"https:\/\/strohsterne-dietz.de\/en\/wp-json\/wp\/v2\/product"}],"about":[{"href":"https:\/\/strohsterne-dietz.de\/en\/wp-json\/wp\/v2\/types\/product"}],"replies":[{"embeddable":true,"href":"https:\/\/strohsterne-dietz.de\/en\/wp-json\/wp\/v2\/comments?post=2403"}],"wp:featuredmedia":[{"embeddable":true,"href":"https:\/\/strohsterne-dietz.de\/en\/wp-json\/wp\/v2\/media\/2367"}],"wp:attachment":[{"href":"https:\/\/strohsterne-dietz.de\/en\/wp-json\/wp\/v2\/media?parent=2403"}],"curies":[{"name":"wp","href":"https:\/\/api.w.org\/{rel}","templated":true}]}}