{"id":2285,"date":"2022-05-15T17:17:46","date_gmt":"2022-05-15T15:17:46","guid":{"rendered":"https:\/\/strohsterne-dietz.de\/?post_type=product&#038;p=2285"},"modified":"2026-02-19T04:54:20","modified_gmt":"2026-02-19T03:54:20","slug":"komplett-set-2-12er-und-24er-sterne-mit-heft-2-antiquarisch-sonderpreis","status":"publish","type":"product","link":"https:\/\/strohsterne-dietz.de\/en\/product\/komplett-set-2-12er-und-24er-sterne-mit-heft-2-antiquarisch-sonderpreis\/","title":{"rendered":"Komplett-Set 2 (12er und 24er Sterne) (mit Heft 2 antiquarisch zum Sonderpreis)"},"content":{"rendered":"<p><strong>Komplett-Set 2 (antiquarisch!): F\u00fcr Fortgeschrittene! 24erSterne, 12er Sterne, 8er Sterne und 6er Sterne sind m\u00f6glich.<\/strong><\/p>\n<p>Bastel-Set 2 besteht aus:<\/p>\n<ul>\n<li>Anleitungsheft 2 antiquarisch, 32 S., innen s\/w auf chamois Papier Umschlag &#8220;Elefantenhaut&#8221;; mit Schablonen f\u00fcr 12er und 8er Sterne f\u00fcr die Universal-Legeform. In unserem Lager sind mehrere Kartons mit den Erstausgaben des Heftes 2 aufgetaucht. Der Inhalt ist identisch mit unserem Anleitungsheft 2 mit blauem Umschlag. Einfach zu schade zum Wegwerfen.<\/li>\n<li>Universal-Legeform (10cm) f\u00fcr gr\u00f6\u00dfere 6er, 8er, 12er und 24er Sterne und zur Erweiterung kleiner Sterne<\/li>\n<li>3er\/2er Strohspalter f\u00fcr breitere Halmteile<\/li>\n<li>ca. 50 Strohhalme natur<\/li>\n<li>ca. 50 Strohhalme bunt<\/li>\n<li>20m Faden rot<\/li>\n<li>Wickelnadel\u00a0 7cm<\/li>\n<\/ul>\n<p>(weitere Infos bei den jeweiligen Einzelartikeln)<\/p>\n","protected":false},"excerpt":{"rendered":"<p><strong>Komplett-Set 2: F\u00fcr Fortgeschrittene! 24erSterne, 12er Sterne etc.<\/strong><\/p>\n<p>&nbsp;<\/p>\n<p>Anleitungsheft 2, 32 S., s\/w, mit Schablonen f\u00fcr die 24er Klemmform (Universal-Legeform)<\/p>\n<p>Universal-Legeform (10cm) f\u00fcr 6er, 8er, 12er und 24er Sterne und zur Erweiterung kleiner Sterne<\/p>\n<p>3er\/2er Strohspalter f\u00fcr breitere Halmteile ca. 50 Strohhalme natur<\/p>\n","protected":false},"featured_media":2283,"comment_status":"open","ping_status":"closed","template":"","meta":[],"_links":{"self":[{"href":"https:\/\/strohsterne-dietz.de\/en\/wp-json\/wp\/v2\/product\/2285"}],"collection":[{"href":"https:\/\/strohsterne-dietz.de\/en\/wp-json\/wp\/v2\/product"}],"about":[{"href":"https:\/\/strohsterne-dietz.de\/en\/wp-json\/wp\/v2\/types\/product"}],"replies":[{"embeddable":true,"href":"https:\/\/strohsterne-dietz.de\/en\/wp-json\/wp\/v2\/comments?post=2285"}],"wp:featuredmedia":[{"embeddable":true,"href":"https:\/\/strohsterne-dietz.de\/en\/wp-json\/wp\/v2\/media\/2283"}],"wp:attachment":[{"href":"https:\/\/strohsterne-dietz.de\/en\/wp-json\/wp\/v2\/media?parent=2285"}],"curies":[{"name":"wp","href":"https:\/\/api.w.org\/{rel}","templated":true}]}}