{"id":2278,"date":"2022-05-15T16:32:16","date_gmt":"2022-05-15T14:32:16","guid":{"rendered":"https:\/\/strohsterne-dietz.de\/?post_type=product&#038;p=2278"},"modified":"2026-05-08T16:47:49","modified_gmt":"2026-05-08T14:47:49","slug":"strohsterne-wie-schneekristalle-anleitungsheft-2-32-s-s-w-antiquarisch-sonderpreis","status":"publish","type":"product","link":"https:\/\/strohsterne-dietz.de\/en\/product\/strohsterne-wie-schneekristalle-anleitungsheft-2-32-s-s-w-antiquarisch-sonderpreis\/","title":{"rendered":"Strohsterne wie Schneekristalle (Anleitungsheft 2), 32 S, s\/w (antiquarisch = Sonderpreis)"},"content":{"rendered":"<p>Antiquarische Auflage von 1987 (Zufallsfund im Lager einige hundert St\u00fcck)<\/p>\n<p>Innenteil identisch mit neuerem Heft 2 mit blauem Umschlag. Innenteil auf chamois Papier, Umschlag &#8220;Elefantenhaut&#8221;.<\/p>\n<p>Das Anleitungsheft erkl\u00e4rt die wichtigsten Verwendungsm\u00f6glichkeiten der 10cm gro\u00dfen Universal-Legeform: 12er, 24er und 8er Sterne, einfache und komplizierte, filigran und rustikal. Auch wie man Sterne aus den kleineren Legeformen erweitert. Eher f\u00fcr Fortgeschrittene geeignet. F\u00fcr Einsteiger empfehlen wir Anleiungsheft 1.<\/p>\n<p>Au\u00dferdem enth\u00e4lt es eine Anleitung zum Wickeln mit einer Sticknadel und viele Tipps zum Basteln.<\/p>\n","protected":false},"excerpt":{"rendered":"<p>Antiquartische Auflage von 1987: Anleitungsheft 2, 32 S., innen s\/w auf chamois Papier, Umschlag &#8220;Elefantenhaut&#8221;, mit Schablonen f\u00fcr 12er und 8er Sterne. Beschreibt die Verwendung der Universal-Legeform. F\u00fcr Fortgeschrittene.<\/p>\n","protected":false},"featured_media":2283,"comment_status":"open","ping_status":"closed","template":"","meta":[],"_links":{"self":[{"href":"https:\/\/strohsterne-dietz.de\/en\/wp-json\/wp\/v2\/product\/2278"}],"collection":[{"href":"https:\/\/strohsterne-dietz.de\/en\/wp-json\/wp\/v2\/product"}],"about":[{"href":"https:\/\/strohsterne-dietz.de\/en\/wp-json\/wp\/v2\/types\/product"}],"replies":[{"embeddable":true,"href":"https:\/\/strohsterne-dietz.de\/en\/wp-json\/wp\/v2\/comments?post=2278"}],"wp:featuredmedia":[{"embeddable":true,"href":"https:\/\/strohsterne-dietz.de\/en\/wp-json\/wp\/v2\/media\/2283"}],"wp:attachment":[{"href":"https:\/\/strohsterne-dietz.de\/en\/wp-json\/wp\/v2\/media?parent=2278"}],"curies":[{"name":"wp","href":"https:\/\/api.w.org\/{rel}","templated":true}]}}